{"id":2032,"date":"2026-01-08T17:31:39","date_gmt":"2026-01-08T17:31:39","guid":{"rendered":"https:\/\/www.istanbultente.org\/?post_type=product&#038;p=2032"},"modified":"2026-01-09T09:30:52","modified_gmt":"2026-01-09T09:30:52","slug":"mafsalli-tente","status":"publish","type":"product","link":"https:\/\/www.istanbultente.org\/de\/product\/mafsalli-tente\/","title":{"rendered":"Mafsall\u0131 Tente"},"content":{"rendered":"<h2 class=\"p1\">Mafsall\u0131 Tente Nedir? Avantajlar\u0131 Nelerdir?<\/h2>\n<p class=\"p1\">Mafsall\u0131 tente, yayg\u0131n kullan\u0131lan tente modelleri aras\u0131nda yer almaktad\u0131r. Kendine \u00f6zel bir tente kolu ve sistemi bulunmakta olup, manuel olarak a\u00e7\u0131l\u0131p kapan\u0131r. Yapt\u0131r\u0131ld\u0131\u011f\u0131 ev ya da d\u00fckkan\u0131<span class=\"Apple-converted-space\">\u00a0 <\/span>g\u00fcne\u015f, ya\u011fmur gibi istenmeyen durumlara kar\u015f\u0131 korur.<\/p>\n<p class=\"p1\">Kendine \u00f6zel bir makaras\u0131 bulunan mafsall\u0131 tentenin a\u00e7\u0131lmas\u0131 ya da kapanmas\u0131 s\u0131ras\u0131nda \u00e7ok fazla g\u00fcce gereksinim duyulmaz. Ancak yine de otomatik bir tente kullan\u0131m\u0131 ger\u00e7ekle\u015ftirmek isteyen kullan\u0131c\u0131lar\u0131n mafsall\u0131 de\u011fil kasetli tente kullanmalar\u0131 gerekmektedir.<\/p>\n<h3 class=\"p1\">Mafsall\u0131 Tente Avantajlar\u0131<\/h3>\n<ul class=\"ul1\">\n<li class=\"li1\">Kolay kullan\u0131l\u0131r<\/li>\n<li class=\"li1\">Dayan\u0131kl\u0131d\u0131r<\/li>\n<li class=\"li1\">\u00d6mr\u00fc uzundur<\/li>\n<li class=\"li1\">G\u00fcvenilirdir<\/li>\n<li class=\"li1\">3 metreye kadar a\u00e7\u0131labilme \u00f6zelli\u011fi vard\u0131r<\/li>\n<li class=\"li1\">Kullan\u0131ld\u0131\u011f\u0131 ortam\u0131 istenmeyen d\u0131\u015f etkenlere kar\u015f\u0131 korur<\/li>\n<li class=\"li1\">Fiyat bak\u0131m\u0131ndan ekonomiktir<\/li>\n<li class=\"li1\">\u00c7ok fazla g\u00fc\u00e7 gerektirmeyen, rahat a\u00e7\u0131l\u0131p kapanabilme \u00f6zelli\u011fine sahiptir<\/li>\n<li class=\"li1\">Bak\u0131m maliyeti y\u00fcksek de\u011fildir<\/li>\n<\/ul>\n<h4 class=\"p1\">Mafsall\u0131 Tente Fiyatlar\u0131<\/h4>\n<p class=\"p1\">Di\u011fer tente modellerine g\u00f6re daha uygun fiyatlara al\u0131nabilen mafsall\u0131 tente fiyatlar\u0131 firmadan firmaya de\u011fi\u015fmekle birlikte, uygulanacak olan alan\u0131n \u00f6l\u00e7\u00fclerine g\u00f6re de de\u011fi\u015fkenlik g\u00f6stermektedir.<\/p>","protected":false},"excerpt":{"rendered":"<p>Mafsall\u0131 Tente Nedir? Avantajlar\u0131 Nelerdir? Mafsall\u0131 tente, yayg\u0131n kullan\u0131lan tente modelleri aras\u0131nda yer almaktad\u0131r. Kendine \u00f6zel bir tente kolu ve sistemi bulunmakta olup, manuel olarak a\u00e7\u0131l\u0131p kapan\u0131r. Yapt\u0131r\u0131ld\u0131\u011f\u0131 ev ya da d\u00fckkan\u0131\u00a0 g\u00fcne\u015f, ya\u011fmur gibi istenmeyen durumlara kar\u015f\u0131 korur. Kendine \u00f6zel bir makaras\u0131 bulunan mafsall\u0131 tentenin a\u00e7\u0131lmas\u0131 ya da kapanmas\u0131 s\u0131ras\u0131nda \u00e7ok fazla g\u00fcce gereksinim&#8230;<\/p>","protected":false},"featured_media":2046,"comment_status":"open","ping_status":"closed","template":"","meta":{"_kad_blocks_custom_css":"","_kad_blocks_head_custom_js":"","_kad_blocks_body_custom_js":"","_kad_blocks_footer_custom_js":"","_kadence_starter_templates_imported_post":false,"_kad_post_transparent":"default","_kad_post_title":"","_kad_post_layout":"default","_kad_post_sidebar_id":"","_kad_post_content_style":"default","_kad_post_vertical_padding":"default","_kad_post_feature":"","_kad_post_feature_position":"","_kad_post_header":false,"_kad_post_footer":false},"product_cat":[18],"product_tag":[37],"class_list":{"0":"post-2032","1":"product","2":"type-product","3":"status-publish","4":"has-post-thumbnail","6":"product_cat-genel","7":"product_tag-mafsalli-tente","9":"first","10":"instock","11":"sale","12":"taxable","13":"shipping-taxable","14":"purchasable","15":"product-type-simple","16":"entry","17":"content-bg","18":"loop-entry"},"yoast_head":"<!-- This site is optimized with the Yoast SEO plugin v25.0 - https:\/\/yoast.com\/wordpress\/plugins\/seo\/ -->\n<title>Mafsall\u0131 Tente Fiyatlar\u0131 ve Modelleri | \u0130stanbul Tente<\/title>\n<meta name=\"description\" content=\"Mafsall\u0131 tente modelleri ve fiyatlar\u0131yla g\u00f6lgelik \u00e7\u00f6z\u00fcmler. \u0130stanbul\u2019da makasl\u0131, mafsal kollu tente sistemleri i\u00e7in hemen ke\u015ffedin.\" \/>\n<meta name=\"robots\" content=\"index, follow, max-snippet:-1, max-image-preview:large, max-video-preview:-1\" \/>\n<link rel=\"canonical\" href=\"https:\/\/www.istanbultente.org\/de\/produkt\/mafsalli-tente\/\" \/>\n<meta property=\"og:locale\" content=\"de_DE\" \/>\n<meta property=\"og:type\" content=\"article\" \/>\n<meta property=\"og:title\" content=\"Mafsall\u0131 Tente Fiyatlar\u0131 ve Modelleri | \u0130stanbul Tente\" \/>\n<meta property=\"og:description\" content=\"Mafsall\u0131 tente modelleri ve fiyatlar\u0131yla g\u00f6lgelik \u00e7\u00f6z\u00fcmler. \u0130stanbul\u2019da makasl\u0131, mafsal kollu tente sistemleri i\u00e7in hemen ke\u015ffedin.\" \/>\n<meta property=\"og:url\" content=\"https:\/\/www.istanbultente.org\/de\/produkt\/mafsalli-tente\/\" \/>\n<meta property=\"og:site_name\" content=\"\u0130stanbul Tente Pergola\" \/>\n<meta property=\"article:modified_time\" content=\"2026-01-09T09:30:52+00:00\" \/>\n<meta property=\"og:image\" content=\"https:\/\/www.istanbultente.org\/wp-content\/uploads\/2024\/09\/mafsalli_tente_modelleri_5.jpg\" \/>\n\t<meta property=\"og:image:width\" content=\"2048\" \/>\n\t<meta property=\"og:image:height\" content=\"1536\" \/>\n\t<meta property=\"og:image:type\" content=\"image\/jpeg\" \/>\n<meta name=\"twitter:card\" content=\"summary_large_image\" \/>\n<meta name=\"twitter:label1\" content=\"Gesch\u00e4tzte Lesezeit\" \/>\n\t<meta name=\"twitter:data1\" content=\"2\u00a0Minuten\" \/>\n<script type=\"application\/ld+json\" class=\"yoast-schema-graph\">{\"@context\":\"https:\/\/schema.org\",\"@graph\":[{\"@type\":\"WebPage\",\"@id\":\"https:\/\/www.istanbultente.org\/urun\/mafsalli-tente\/\",\"url\":\"https:\/\/www.istanbultente.org\/urun\/mafsalli-tente\/\",\"name\":\"Mafsall\u0131 Tente Fiyatlar\u0131 ve Modelleri | \u0130stanbul Tente\",\"isPartOf\":{\"@id\":\"https:\/\/www.istanbultente.org\/#website\"},\"primaryImageOfPage\":{\"@id\":\"https:\/\/www.istanbultente.org\/urun\/mafsalli-tente\/#primaryimage\"},\"image\":{\"@id\":\"https:\/\/www.istanbultente.org\/urun\/mafsalli-tente\/#primaryimage\"},\"thumbnailUrl\":\"https:\/\/www.istanbultente.org\/wp-content\/uploads\/2024\/09\/mafsalli_tente_modelleri_5.jpg\",\"datePublished\":\"2026-01-08T17:31:39+00:00\",\"dateModified\":\"2026-01-09T09:30:52+00:00\",\"description\":\"Mafsall\u0131 tente modelleri ve fiyatlar\u0131yla g\u00f6lgelik \u00e7\u00f6z\u00fcmler. \u0130stanbul\u2019da makasl\u0131, mafsal kollu tente sistemleri i\u00e7in hemen ke\u015ffedin.\",\"breadcrumb\":{\"@id\":\"https:\/\/www.istanbultente.org\/urun\/mafsalli-tente\/#breadcrumb\"},\"inLanguage\":\"de\",\"potentialAction\":[{\"@type\":\"ReadAction\",\"target\":[\"https:\/\/www.istanbultente.org\/urun\/mafsalli-tente\/\"]}]},{\"@type\":\"ImageObject\",\"inLanguage\":\"de\",\"@id\":\"https:\/\/www.istanbultente.org\/urun\/mafsalli-tente\/#primaryimage\",\"url\":\"https:\/\/www.istanbultente.org\/wp-content\/uploads\/2024\/09\/mafsalli_tente_modelleri_5.jpg\",\"contentUrl\":\"https:\/\/www.istanbultente.org\/wp-content\/uploads\/2024\/09\/mafsalli_tente_modelleri_5.jpg\",\"width\":2048,\"height\":1536,\"caption\":\"mafsall\u0131 tente modelleri\"},{\"@type\":\"BreadcrumbList\",\"@id\":\"https:\/\/www.istanbultente.org\/urun\/mafsalli-tente\/#breadcrumb\",\"itemListElement\":[{\"@type\":\"ListItem\",\"position\":1,\"name\":\"Home\",\"item\":\"https:\/\/www.istanbultente.org\/\"},{\"@type\":\"ListItem\",\"position\":2,\"name\":\"Ma\u011faza\",\"item\":\"https:\/\/www.istanbultente.org\/magaza\/\"},{\"@type\":\"ListItem\",\"position\":3,\"name\":\"Mafsall\u0131 Tente\"}]},{\"@type\":\"WebSite\",\"@id\":\"https:\/\/www.istanbultente.org\/#website\",\"url\":\"https:\/\/www.istanbultente.org\/\",\"name\":\"\u0130stanbul Tente Pergola\",\"description\":\"\",\"publisher\":{\"@id\":\"https:\/\/www.istanbultente.org\/#organization\"},\"potentialAction\":[{\"@type\":\"SearchAction\",\"target\":{\"@type\":\"EntryPoint\",\"urlTemplate\":\"https:\/\/www.istanbultente.org\/?s={search_term_string}\"},\"query-input\":{\"@type\":\"PropertyValueSpecification\",\"valueRequired\":true,\"valueName\":\"search_term_string\"}}],\"inLanguage\":\"de\"},{\"@type\":\"Organization\",\"@id\":\"https:\/\/www.istanbultente.org\/#organization\",\"name\":\"\u0130stanbul Tente Pergola\",\"url\":\"https:\/\/www.istanbultente.org\/\",\"logo\":{\"@type\":\"ImageObject\",\"inLanguage\":\"de\",\"@id\":\"https:\/\/www.istanbultente.org\/#\/schema\/logo\/image\/\",\"url\":\"https:\/\/www.istanbultente.org\/wp-content\/uploads\/2024\/05\/istanbul-tente-pergola-3.png\",\"contentUrl\":\"https:\/\/www.istanbultente.org\/wp-content\/uploads\/2024\/05\/istanbul-tente-pergola-3.png\",\"width\":876,\"height\":229,\"caption\":\"\u0130stanbul Tente Pergola\"},\"image\":{\"@id\":\"https:\/\/www.istanbultente.org\/#\/schema\/logo\/image\/\"}}]}<\/script>\n<!-- \/ Yoast SEO plugin. -->","yoast_head_json":{"title":"Mafsall\u0131 Tente Fiyatlar\u0131 ve Modelleri | \u0130stanbul Tente","description":"Mafsall\u0131 tente modelleri ve fiyatlar\u0131yla g\u00f6lgelik \u00e7\u00f6z\u00fcmler. \u0130stanbul\u2019da makasl\u0131, mafsal kollu tente sistemleri i\u00e7in hemen ke\u015ffedin.","robots":{"index":"index","follow":"follow","max-snippet":"max-snippet:-1","max-image-preview":"max-image-preview:large","max-video-preview":"max-video-preview:-1"},"canonical":"https:\/\/www.istanbultente.org\/de\/produkt\/mafsalli-tente\/","og_locale":"de_DE","og_type":"article","og_title":"Mafsall\u0131 Tente Fiyatlar\u0131 ve Modelleri | \u0130stanbul Tente","og_description":"Mafsall\u0131 tente modelleri ve fiyatlar\u0131yla g\u00f6lgelik \u00e7\u00f6z\u00fcmler. \u0130stanbul\u2019da makasl\u0131, mafsal kollu tente sistemleri i\u00e7in hemen ke\u015ffedin.","og_url":"https:\/\/www.istanbultente.org\/de\/produkt\/mafsalli-tente\/","og_site_name":"\u0130stanbul Tente Pergola","article_modified_time":"2026-01-09T09:30:52+00:00","og_image":[{"width":2048,"height":1536,"url":"https:\/\/www.istanbultente.org\/wp-content\/uploads\/2024\/09\/mafsalli_tente_modelleri_5.jpg","type":"image\/jpeg"}],"twitter_card":"summary_large_image","twitter_misc":{"Gesch\u00e4tzte Lesezeit":"2\u00a0Minuten"},"schema":{"@context":"https:\/\/schema.org","@graph":[{"@type":"WebPage","@id":"https:\/\/www.istanbultente.org\/urun\/mafsalli-tente\/","url":"https:\/\/www.istanbultente.org\/urun\/mafsalli-tente\/","name":"Mafsall\u0131 Tente Fiyatlar\u0131 ve Modelleri | \u0130stanbul Tente","isPartOf":{"@id":"https:\/\/www.istanbultente.org\/#website"},"primaryImageOfPage":{"@id":"https:\/\/www.istanbultente.org\/urun\/mafsalli-tente\/#primaryimage"},"image":{"@id":"https:\/\/www.istanbultente.org\/urun\/mafsalli-tente\/#primaryimage"},"thumbnailUrl":"https:\/\/www.istanbultente.org\/wp-content\/uploads\/2024\/09\/mafsalli_tente_modelleri_5.jpg","datePublished":"2026-01-08T17:31:39+00:00","dateModified":"2026-01-09T09:30:52+00:00","description":"Mafsall\u0131 tente modelleri ve fiyatlar\u0131yla g\u00f6lgelik \u00e7\u00f6z\u00fcmler. \u0130stanbul\u2019da makasl\u0131, mafsal kollu tente sistemleri i\u00e7in hemen ke\u015ffedin.","breadcrumb":{"@id":"https:\/\/www.istanbultente.org\/urun\/mafsalli-tente\/#breadcrumb"},"inLanguage":"de","potentialAction":[{"@type":"ReadAction","target":["https:\/\/www.istanbultente.org\/urun\/mafsalli-tente\/"]}]},{"@type":"ImageObject","inLanguage":"de","@id":"https:\/\/www.istanbultente.org\/urun\/mafsalli-tente\/#primaryimage","url":"https:\/\/www.istanbultente.org\/wp-content\/uploads\/2024\/09\/mafsalli_tente_modelleri_5.jpg","contentUrl":"https:\/\/www.istanbultente.org\/wp-content\/uploads\/2024\/09\/mafsalli_tente_modelleri_5.jpg","width":2048,"height":1536,"caption":"mafsall\u0131 tente modelleri"},{"@type":"BreadcrumbList","@id":"https:\/\/www.istanbultente.org\/urun\/mafsalli-tente\/#breadcrumb","itemListElement":[{"@type":"ListItem","position":1,"name":"Home","item":"https:\/\/www.istanbultente.org\/"},{"@type":"ListItem","position":2,"name":"Ma\u011faza","item":"https:\/\/www.istanbultente.org\/magaza\/"},{"@type":"ListItem","position":3,"name":"Mafsall\u0131 Tente"}]},{"@type":"WebSite","@id":"https:\/\/www.istanbultente.org\/#website","url":"https:\/\/www.istanbultente.org\/","name":"\u0130stanbul Tente Pergola","description":"","publisher":{"@id":"https:\/\/www.istanbultente.org\/#organization"},"potentialAction":[{"@type":"SearchAction","target":{"@type":"EntryPoint","urlTemplate":"https:\/\/www.istanbultente.org\/?s={search_term_string}"},"query-input":{"@type":"PropertyValueSpecification","valueRequired":true,"valueName":"search_term_string"}}],"inLanguage":"de"},{"@type":"Organization","@id":"https:\/\/www.istanbultente.org\/#organization","name":"\u0130stanbul Tente Pergola","url":"https:\/\/www.istanbultente.org\/","logo":{"@type":"ImageObject","inLanguage":"de","@id":"https:\/\/www.istanbultente.org\/#\/schema\/logo\/image\/","url":"https:\/\/www.istanbultente.org\/wp-content\/uploads\/2024\/05\/istanbul-tente-pergola-3.png","contentUrl":"https:\/\/www.istanbultente.org\/wp-content\/uploads\/2024\/05\/istanbul-tente-pergola-3.png","width":876,"height":229,"caption":"\u0130stanbul Tente Pergola"},"image":{"@id":"https:\/\/www.istanbultente.org\/#\/schema\/logo\/image\/"}}]}},"taxonomy_info":{"product_cat":[{"value":18,"label":"Genel"}],"product_tag":[{"value":37,"label":"mafsall\u0131 tente"}]},"featured_image_src_large":["https:\/\/www.istanbultente.org\/wp-content\/uploads\/2024\/09\/mafsalli_tente_modelleri_5-1024x768.jpg",1024,768,true],"author_info":[],"comment_info":0,"jetpack_sharing_enabled":true,"_links":{"self":[{"href":"https:\/\/www.istanbultente.org\/de\/wp-json\/wp\/v2\/product\/2032","targetHints":{"allow":["GET"]}}],"collection":[{"href":"https:\/\/www.istanbultente.org\/de\/wp-json\/wp\/v2\/product"}],"about":[{"href":"https:\/\/www.istanbultente.org\/de\/wp-json\/wp\/v2\/types\/product"}],"replies":[{"embeddable":true,"href":"https:\/\/www.istanbultente.org\/de\/wp-json\/wp\/v2\/comments?post=2032"}],"wp:featuredmedia":[{"embeddable":true,"href":"https:\/\/www.istanbultente.org\/de\/wp-json\/wp\/v2\/media\/2046"}],"wp:attachment":[{"href":"https:\/\/www.istanbultente.org\/de\/wp-json\/wp\/v2\/media?parent=2032"}],"wp:term":[{"taxonomy":"product_cat","embeddable":true,"href":"https:\/\/www.istanbultente.org\/de\/wp-json\/wp\/v2\/product_cat?post=2032"},{"taxonomy":"product_tag","embeddable":true,"href":"https:\/\/www.istanbultente.org\/de\/wp-json\/wp\/v2\/product_tag?post=2032"}],"curies":[{"name":"wp","href":"https:\/\/api.w.org\/{rel}","templated":true}]}}