{"id":2083,"date":"2026-01-09T08:38:33","date_gmt":"2026-01-09T08:38:33","guid":{"rendered":"https:\/\/www.istanbultente.org\/?post_type=product&#038;p=2083"},"modified":"2026-01-09T09:20:11","modified_gmt":"2026-01-09T09:20:11","slug":"cift-acilir-tente","status":"publish","type":"product","link":"https:\/\/www.istanbultente.org\/tr_tr\/urun\/cift-acilir-tente\/","title":{"rendered":"\u00c7ift A\u00e7\u0131l\u0131r Tente"},"content":{"rendered":"<h2 class=\"p1\">\u00c7ift A\u00e7\u0131l\u0131r Tente Nedir? \u00d6zellikleri Nelerdir? Neden Tercih Edilir?<\/h2>\n<p class=\"p1\"><strong>\u00c7ift a\u00e7\u0131l\u0131r tente<\/strong> genellikle kartal tente ile kar\u0131\u015ft\u0131r\u0131lan ama asl\u0131nda aralar\u0131nda \u00f6nemli farklar\u0131n bulundu\u011fu tente \u00e7e\u015fididir. \u00d6zelikle g\u00fcne\u015fi \u00e7ok ve farkl\u0131 a\u00e7\u0131lardan alan alanlarda tercih edilir. Benzersiz ve fonksiyonel tasar\u0131m \u00f6zelliklerine sahip olan bu tente modelinin kullan\u0131lmas\u0131 halinde geni\u015f bir kullan\u0131m alan\u0131 s\u00f6z konusu olacakt\u0131r.<\/p>\n<p class=\"p1\">D\u0131\u015f mekan\u0131 geni\u015f i\u015fletmeler ya da evlerde yayg\u0131n olarak, \u00e7ift y\u00f6nl\u00fc a\u00e7\u0131l\u0131r olmalar\u0131 dolay\u0131s\u0131 ile bu tente modelleri tercih edilir. \u0130\u015fletmeler, markalar\u0131n\u0131n ad\u0131n\u0131 ya da logosunu da \u00e7ift a\u00e7\u0131l\u0131r tente \u00fczerine i\u015fletebilirler.<\/p>\n<h3 class=\"p1\">\u00c7ift A\u00e7\u0131l\u0131r Tente \u00d6zellikleri<\/h3>\n<p class=\"p1\">\u00c7ift a\u00e7\u0131l\u0131r tenteler g\u00fc\u00e7l\u00fc ve dayan\u0131kl\u0131 malzemelerden \u00fcretilirler. Bu da onlar\u0131n her t\u00fcrl\u00fc hava ko\u015fulunda kullan\u0131lmalar\u0131n\u0131; ayn\u0131 zamanda dayan\u0131kl\u0131 ve dolay\u0131s\u0131 ile de uzun \u00f6m\u00fcrl\u00fc olmalar\u0131n\u0131 sa\u011flar. Mafsall\u0131 yap\u0131lar\u0131, kullan\u0131c\u0131lar\u0131n ihtiya\u00e7lar\u0131na uygun olarak haz\u0131rlanabilmelerine olanak tan\u0131r.<\/p>\n<p class=\"p1\">G\u00f6ze hitap eden estetik bir yap\u0131lar\u0131 bulunmaktad\u0131r.<\/p>\n","protected":false},"excerpt":{"rendered":"<p>\u00c7ift A\u00e7\u0131l\u0131r Tente Nedir? \u00d6zellikleri Nelerdir? Neden Tercih Edilir? \u00c7ift a\u00e7\u0131l\u0131r tente genellikle kartal tente ile kar\u0131\u015ft\u0131r\u0131lan ama asl\u0131nda aralar\u0131nda \u00f6nemli farklar\u0131n bulundu\u011fu tente \u00e7e\u015fididir. \u00d6zelikle g\u00fcne\u015fi \u00e7ok ve farkl\u0131 a\u00e7\u0131lardan alan alanlarda tercih edilir. Benzersiz ve fonksiyonel tasar\u0131m \u00f6zelliklerine sahip olan bu tente modelinin kullan\u0131lmas\u0131 halinde geni\u015f bir kullan\u0131m alan\u0131 s\u00f6z konusu olacakt\u0131r. D\u0131\u015f&#8230;<\/p>\n","protected":false},"featured_media":2084,"comment_status":"open","ping_status":"closed","template":"","meta":{"_kad_blocks_custom_css":"","_kad_blocks_head_custom_js":"","_kad_blocks_body_custom_js":"","_kad_blocks_footer_custom_js":"","_kadence_starter_templates_imported_post":false,"_kad_post_transparent":"default","_kad_post_title":"","_kad_post_layout":"default","_kad_post_sidebar_id":"","_kad_post_content_style":"default","_kad_post_vertical_padding":"default","_kad_post_feature":"","_kad_post_feature_position":"","_kad_post_header":false,"_kad_post_footer":false},"product_cat":[18],"product_tag":[22],"class_list":{"0":"post-2083","1":"product","2":"type-product","3":"status-publish","4":"has-post-thumbnail","6":"product_cat-genel","7":"product_tag-cift-acilir-tente","9":"first","10":"instock","11":"sale","12":"taxable","13":"shipping-taxable","14":"purchasable","15":"product-type-simple","16":"entry","17":"content-bg","18":"loop-entry"},"yoast_head":"<!-- This site is optimized with the Yoast SEO plugin v25.0 - https:\/\/yoast.com\/wordpress\/plugins\/seo\/ -->\n<title>\u00c7ift A\u00e7\u0131l\u0131r Tente | \u00c7ift Tarafl\u0131, Mafsall\u0131 ve A\u00e7\u0131l\u0131r Kapan\u0131r Tente<\/title>\n<meta name=\"description\" content=\"\u00c7ift a\u00e7\u0131l\u0131r tente, \u00e7ift tarafl\u0131 tente, mafsall\u0131 tente ve a\u00e7\u0131l\u0131r kapan\u0131r tente modelleri. G\u00fcncel \u00e7ift a\u00e7\u0131l\u0131r tente fiyatlar\u0131 i\u00e7in hemen inceleyin.\" \/>\n<meta name=\"robots\" content=\"index, follow, max-snippet:-1, max-image-preview:large, max-video-preview:-1\" \/>\n<link rel=\"canonical\" href=\"https:\/\/www.istanbultente.org\/tr_tr\/urun\/cift-acilir-tente\/\" \/>\n<meta property=\"og:locale\" content=\"tr_TR\" \/>\n<meta property=\"og:type\" content=\"article\" \/>\n<meta property=\"og:title\" content=\"\u00c7ift A\u00e7\u0131l\u0131r Tente | \u00c7ift Tarafl\u0131, Mafsall\u0131 ve A\u00e7\u0131l\u0131r Kapan\u0131r Tente\" \/>\n<meta property=\"og:description\" content=\"\u00c7ift a\u00e7\u0131l\u0131r tente, \u00e7ift tarafl\u0131 tente, mafsall\u0131 tente ve a\u00e7\u0131l\u0131r kapan\u0131r tente modelleri. G\u00fcncel \u00e7ift a\u00e7\u0131l\u0131r tente fiyatlar\u0131 i\u00e7in hemen inceleyin.\" \/>\n<meta property=\"og:url\" content=\"https:\/\/www.istanbultente.org\/tr_tr\/urun\/cift-acilir-tente\/\" \/>\n<meta property=\"og:site_name\" content=\"\u0130stanbul Tente Pergola\" \/>\n<meta property=\"article:modified_time\" content=\"2026-01-09T09:20:11+00:00\" \/>\n<meta property=\"og:image\" content=\"https:\/\/www.istanbultente.org\/wp-content\/uploads\/2024\/10\/cift-acilir-tente.jpg\" \/>\n\t<meta property=\"og:image:width\" content=\"1600\" \/>\n\t<meta property=\"og:image:height\" content=\"1200\" \/>\n\t<meta property=\"og:image:type\" content=\"image\/jpeg\" \/>\n<meta name=\"twitter:card\" content=\"summary_large_image\" \/>\n<meta name=\"twitter:label1\" content=\"Tahmini okuma s\u00fcresi\" \/>\n\t<meta name=\"twitter:data1\" content=\"2 dakika\" \/>\n<script type=\"application\/ld+json\" class=\"yoast-schema-graph\">{\"@context\":\"https:\/\/schema.org\",\"@graph\":[{\"@type\":\"WebPage\",\"@id\":\"https:\/\/www.istanbultente.org\/urun\/cift-acilir-tente\/\",\"url\":\"https:\/\/www.istanbultente.org\/urun\/cift-acilir-tente\/\",\"name\":\"\u00c7ift A\u00e7\u0131l\u0131r Tente | \u00c7ift Tarafl\u0131, Mafsall\u0131 ve A\u00e7\u0131l\u0131r Kapan\u0131r Tente\",\"isPartOf\":{\"@id\":\"https:\/\/www.istanbultente.org\/#website\"},\"primaryImageOfPage\":{\"@id\":\"https:\/\/www.istanbultente.org\/urun\/cift-acilir-tente\/#primaryimage\"},\"image\":{\"@id\":\"https:\/\/www.istanbultente.org\/urun\/cift-acilir-tente\/#primaryimage\"},\"thumbnailUrl\":\"https:\/\/www.istanbultente.org\/wp-content\/uploads\/2024\/10\/cift-acilir-tente.jpg\",\"datePublished\":\"2026-01-09T08:38:33+00:00\",\"dateModified\":\"2026-01-09T09:20:11+00:00\",\"description\":\"\u00c7ift a\u00e7\u0131l\u0131r tente, \u00e7ift tarafl\u0131 tente, mafsall\u0131 tente ve a\u00e7\u0131l\u0131r kapan\u0131r tente modelleri. G\u00fcncel \u00e7ift a\u00e7\u0131l\u0131r tente fiyatlar\u0131 i\u00e7in hemen inceleyin.\",\"breadcrumb\":{\"@id\":\"https:\/\/www.istanbultente.org\/urun\/cift-acilir-tente\/#breadcrumb\"},\"inLanguage\":\"tr\",\"potentialAction\":[{\"@type\":\"ReadAction\",\"target\":[\"https:\/\/www.istanbultente.org\/urun\/cift-acilir-tente\/\"]}]},{\"@type\":\"ImageObject\",\"inLanguage\":\"tr\",\"@id\":\"https:\/\/www.istanbultente.org\/urun\/cift-acilir-tente\/#primaryimage\",\"url\":\"https:\/\/www.istanbultente.org\/wp-content\/uploads\/2024\/10\/cift-acilir-tente.jpg\",\"contentUrl\":\"https:\/\/www.istanbultente.org\/wp-content\/uploads\/2024\/10\/cift-acilir-tente.jpg\",\"width\":1600,\"height\":1200,\"caption\":\"c\u0327ift ac\u0327\u0131l\u0131r tente\"},{\"@type\":\"BreadcrumbList\",\"@id\":\"https:\/\/www.istanbultente.org\/urun\/cift-acilir-tente\/#breadcrumb\",\"itemListElement\":[{\"@type\":\"ListItem\",\"position\":1,\"name\":\"Home\",\"item\":\"https:\/\/www.istanbultente.org\/\"},{\"@type\":\"ListItem\",\"position\":2,\"name\":\"Ma\u011faza\",\"item\":\"https:\/\/www.istanbultente.org\/magaza\/\"},{\"@type\":\"ListItem\",\"position\":3,\"name\":\"\u00c7ift A\u00e7\u0131l\u0131r Tente\"}]},{\"@type\":\"WebSite\",\"@id\":\"https:\/\/www.istanbultente.org\/#website\",\"url\":\"https:\/\/www.istanbultente.org\/\",\"name\":\"\u0130stanbul Tente Pergola\",\"description\":\"\",\"publisher\":{\"@id\":\"https:\/\/www.istanbultente.org\/#organization\"},\"potentialAction\":[{\"@type\":\"SearchAction\",\"target\":{\"@type\":\"EntryPoint\",\"urlTemplate\":\"https:\/\/www.istanbultente.org\/?s={search_term_string}\"},\"query-input\":{\"@type\":\"PropertyValueSpecification\",\"valueRequired\":true,\"valueName\":\"search_term_string\"}}],\"inLanguage\":\"tr\"},{\"@type\":\"Organization\",\"@id\":\"https:\/\/www.istanbultente.org\/#organization\",\"name\":\"\u0130stanbul Tente Pergola\",\"url\":\"https:\/\/www.istanbultente.org\/\",\"logo\":{\"@type\":\"ImageObject\",\"inLanguage\":\"tr\",\"@id\":\"https:\/\/www.istanbultente.org\/#\/schema\/logo\/image\/\",\"url\":\"https:\/\/www.istanbultente.org\/wp-content\/uploads\/2024\/05\/istanbul-tente-pergola-3.png\",\"contentUrl\":\"https:\/\/www.istanbultente.org\/wp-content\/uploads\/2024\/05\/istanbul-tente-pergola-3.png\",\"width\":876,\"height\":229,\"caption\":\"\u0130stanbul Tente Pergola\"},\"image\":{\"@id\":\"https:\/\/www.istanbultente.org\/#\/schema\/logo\/image\/\"}}]}<\/script>\n<!-- \/ Yoast SEO plugin. -->","yoast_head_json":{"title":"\u00c7ift A\u00e7\u0131l\u0131r Tente | \u00c7ift Tarafl\u0131, Mafsall\u0131 ve A\u00e7\u0131l\u0131r Kapan\u0131r Tente","description":"\u00c7ift a\u00e7\u0131l\u0131r tente, \u00e7ift tarafl\u0131 tente, mafsall\u0131 tente ve a\u00e7\u0131l\u0131r kapan\u0131r tente modelleri. G\u00fcncel \u00e7ift a\u00e7\u0131l\u0131r tente fiyatlar\u0131 i\u00e7in hemen inceleyin.","robots":{"index":"index","follow":"follow","max-snippet":"max-snippet:-1","max-image-preview":"max-image-preview:large","max-video-preview":"max-video-preview:-1"},"canonical":"https:\/\/www.istanbultente.org\/tr_tr\/urun\/cift-acilir-tente\/","og_locale":"tr_TR","og_type":"article","og_title":"\u00c7ift A\u00e7\u0131l\u0131r Tente | \u00c7ift Tarafl\u0131, Mafsall\u0131 ve A\u00e7\u0131l\u0131r Kapan\u0131r Tente","og_description":"\u00c7ift a\u00e7\u0131l\u0131r tente, \u00e7ift tarafl\u0131 tente, mafsall\u0131 tente ve a\u00e7\u0131l\u0131r kapan\u0131r tente modelleri. G\u00fcncel \u00e7ift a\u00e7\u0131l\u0131r tente fiyatlar\u0131 i\u00e7in hemen inceleyin.","og_url":"https:\/\/www.istanbultente.org\/tr_tr\/urun\/cift-acilir-tente\/","og_site_name":"\u0130stanbul Tente Pergola","article_modified_time":"2026-01-09T09:20:11+00:00","og_image":[{"width":1600,"height":1200,"url":"https:\/\/www.istanbultente.org\/wp-content\/uploads\/2024\/10\/cift-acilir-tente.jpg","type":"image\/jpeg"}],"twitter_card":"summary_large_image","twitter_misc":{"Tahmini okuma s\u00fcresi":"2 dakika"},"schema":{"@context":"https:\/\/schema.org","@graph":[{"@type":"WebPage","@id":"https:\/\/www.istanbultente.org\/urun\/cift-acilir-tente\/","url":"https:\/\/www.istanbultente.org\/urun\/cift-acilir-tente\/","name":"\u00c7ift A\u00e7\u0131l\u0131r Tente | \u00c7ift Tarafl\u0131, Mafsall\u0131 ve A\u00e7\u0131l\u0131r Kapan\u0131r Tente","isPartOf":{"@id":"https:\/\/www.istanbultente.org\/#website"},"primaryImageOfPage":{"@id":"https:\/\/www.istanbultente.org\/urun\/cift-acilir-tente\/#primaryimage"},"image":{"@id":"https:\/\/www.istanbultente.org\/urun\/cift-acilir-tente\/#primaryimage"},"thumbnailUrl":"https:\/\/www.istanbultente.org\/wp-content\/uploads\/2024\/10\/cift-acilir-tente.jpg","datePublished":"2026-01-09T08:38:33+00:00","dateModified":"2026-01-09T09:20:11+00:00","description":"\u00c7ift a\u00e7\u0131l\u0131r tente, \u00e7ift tarafl\u0131 tente, mafsall\u0131 tente ve a\u00e7\u0131l\u0131r kapan\u0131r tente modelleri. G\u00fcncel \u00e7ift a\u00e7\u0131l\u0131r tente fiyatlar\u0131 i\u00e7in hemen inceleyin.","breadcrumb":{"@id":"https:\/\/www.istanbultente.org\/urun\/cift-acilir-tente\/#breadcrumb"},"inLanguage":"tr","potentialAction":[{"@type":"ReadAction","target":["https:\/\/www.istanbultente.org\/urun\/cift-acilir-tente\/"]}]},{"@type":"ImageObject","inLanguage":"tr","@id":"https:\/\/www.istanbultente.org\/urun\/cift-acilir-tente\/#primaryimage","url":"https:\/\/www.istanbultente.org\/wp-content\/uploads\/2024\/10\/cift-acilir-tente.jpg","contentUrl":"https:\/\/www.istanbultente.org\/wp-content\/uploads\/2024\/10\/cift-acilir-tente.jpg","width":1600,"height":1200,"caption":"c\u0327ift ac\u0327\u0131l\u0131r tente"},{"@type":"BreadcrumbList","@id":"https:\/\/www.istanbultente.org\/urun\/cift-acilir-tente\/#breadcrumb","itemListElement":[{"@type":"ListItem","position":1,"name":"Home","item":"https:\/\/www.istanbultente.org\/"},{"@type":"ListItem","position":2,"name":"Ma\u011faza","item":"https:\/\/www.istanbultente.org\/magaza\/"},{"@type":"ListItem","position":3,"name":"\u00c7ift A\u00e7\u0131l\u0131r Tente"}]},{"@type":"WebSite","@id":"https:\/\/www.istanbultente.org\/#website","url":"https:\/\/www.istanbultente.org\/","name":"\u0130stanbul Tente Pergola","description":"","publisher":{"@id":"https:\/\/www.istanbultente.org\/#organization"},"potentialAction":[{"@type":"SearchAction","target":{"@type":"EntryPoint","urlTemplate":"https:\/\/www.istanbultente.org\/?s={search_term_string}"},"query-input":{"@type":"PropertyValueSpecification","valueRequired":true,"valueName":"search_term_string"}}],"inLanguage":"tr"},{"@type":"Organization","@id":"https:\/\/www.istanbultente.org\/#organization","name":"\u0130stanbul Tente Pergola","url":"https:\/\/www.istanbultente.org\/","logo":{"@type":"ImageObject","inLanguage":"tr","@id":"https:\/\/www.istanbultente.org\/#\/schema\/logo\/image\/","url":"https:\/\/www.istanbultente.org\/wp-content\/uploads\/2024\/05\/istanbul-tente-pergola-3.png","contentUrl":"https:\/\/www.istanbultente.org\/wp-content\/uploads\/2024\/05\/istanbul-tente-pergola-3.png","width":876,"height":229,"caption":"\u0130stanbul Tente Pergola"},"image":{"@id":"https:\/\/www.istanbultente.org\/#\/schema\/logo\/image\/"}}]}},"taxonomy_info":{"product_cat":[{"value":18,"label":"Genel"}],"product_tag":[{"value":22,"label":"\u00c7ift A\u00e7\u0131l\u0131r Tente"}]},"featured_image_src_large":["https:\/\/www.istanbultente.org\/wp-content\/uploads\/2024\/10\/cift-acilir-tente-1024x768.jpg",1024,768,true],"author_info":[],"comment_info":1,"jetpack_sharing_enabled":true,"_links":{"self":[{"href":"https:\/\/www.istanbultente.org\/tr_tr\/wp-json\/wp\/v2\/product\/2083","targetHints":{"allow":["GET"]}}],"collection":[{"href":"https:\/\/www.istanbultente.org\/tr_tr\/wp-json\/wp\/v2\/product"}],"about":[{"href":"https:\/\/www.istanbultente.org\/tr_tr\/wp-json\/wp\/v2\/types\/product"}],"replies":[{"embeddable":true,"href":"https:\/\/www.istanbultente.org\/tr_tr\/wp-json\/wp\/v2\/comments?post=2083"}],"wp:featuredmedia":[{"embeddable":true,"href":"https:\/\/www.istanbultente.org\/tr_tr\/wp-json\/wp\/v2\/media\/2084"}],"wp:attachment":[{"href":"https:\/\/www.istanbultente.org\/tr_tr\/wp-json\/wp\/v2\/media?parent=2083"}],"wp:term":[{"taxonomy":"product_cat","embeddable":true,"href":"https:\/\/www.istanbultente.org\/tr_tr\/wp-json\/wp\/v2\/product_cat?post=2083"},{"taxonomy":"product_tag","embeddable":true,"href":"https:\/\/www.istanbultente.org\/tr_tr\/wp-json\/wp\/v2\/product_tag?post=2083"}],"curies":[{"name":"wp","href":"https:\/\/api.w.org\/{rel}","templated":true}]}}