{"id":2111,"date":"2026-01-15T20:01:33","date_gmt":"2026-01-15T20:01:33","guid":{"rendered":"https:\/\/www.istanbultente.org\/?post_type=product&#038;p=2111"},"modified":"2026-01-09T09:21:31","modified_gmt":"2026-01-09T09:21:31","slug":"elektrikli-otomatik-motorlu-pergola-tente","status":"publish","type":"product","link":"https:\/\/www.istanbultente.org\/tr_tr\/urun\/elektrikli-otomatik-motorlu-pergola-tente\/","title":{"rendered":"Elektrikli Otomatik Motorlu Pergola Tente"},"content":{"rendered":"<h2>Elektrikli Otomatik Motorlu Pergola Tente Nedir?<\/h2>\n<p>D\u0131\u015f mekan alanlar\u0131nda konforu ve \u015f\u0131kl\u0131\u011f\u0131 bir araya getiren <strong>elektrikli otomatik motorlu pergola tent<\/strong>e en modern tente sistemlerinden biridir. Hem bireysel bah\u00e7elerde hem de ticari i\u015fletmelerde a\u00e7\u0131k alanlar\u0131 her mevsim kullan\u0131labilir hale getirir. G\u00fcne\u015fli havalarda serin bir g\u00f6lge olu\u015ftururken ya\u011f\u0131\u015fl\u0131 g\u00fcnlerde sizi koruyarak d\u0131\u015f mekan keyfini kesintisiz s\u00fcrd\u00fcrmenize olanak tan\u0131r. Elektronik bir motor yard\u0131m\u0131yla kolayca kontrol edilebilen tente sistemimiz teknolojiyi g\u00fcnl\u00fck ya\u015fama entegre eder ve zahmetsiz bir kullan\u0131m sunar.<\/p>\n<h3>Elektrikli Otomatik Motorlu Pergola Tente\u2019nin \u00d6ne \u00c7\u0131kan \u00d6zellikleri<\/h3>\n<p>Sahip oldu\u011fu motorlu mekanizmas\u0131 sayesinde manuel modellerin aksine tamamen otomatik bir kullan\u0131ma sahiptir. Kumanda ile y\u00f6netilebilen sistem tente a\u00e7ma ve kapama i\u015flemini tek bir d\u00fc\u011fme ile zahmetsiz hale getirir. \u00d6zellikle geni\u015f alanlarda tercih edilen <strong>elektrikli otomatik motorlu pergola tente<\/strong> dayan\u0131kl\u0131 bir yap\u0131ya sahiptir. \u00dcretiminde kullan\u0131lan y\u00fcksek kaliteli malzemeler pergolan\u0131n uzun \u00f6m\u00fcrl\u00fc ve hava \u015fartlar\u0131na kar\u015f\u0131 dayan\u0131kl\u0131 olmas\u0131n\u0131 sa\u011flar.<br \/>\nBir ba\u015fka \u00f6nemli \u00f6zelli\u011fi ise UV koruma sa\u011flamas\u0131d\u0131r. Zararl\u0131 g\u00fcne\u015f \u0131\u015f\u0131nlar\u0131na kar\u015f\u0131 etkili bir bariyer olu\u015fturarak alt\u0131ndaki alan\u0131n serin ve g\u00fcvenli kalmas\u0131n\u0131 sa\u011flar. Ayn\u0131 zamanda su ge\u00e7irmez \u00f6zelli\u011fi ile de ya\u011f\u0131\u015fl\u0131 g\u00fcnlerde koruma sunar. Elektrikli otomatik sistem sayesinde tente herhangi bir hava ko\u015fuluna kar\u015f\u0131 an\u0131nda a\u00e7\u0131labilir ve koruma sa\u011flar. B\u00f6ylece d\u0131\u015f mekanlar yaz\u0131n kavurucu s\u0131ca\u011f\u0131nda veya k\u0131\u015f\u0131n ya\u011fmurlu havalar\u0131nda bile keyifle kullan\u0131labilir hale gelir.<\/p>\n<h3>Mekan Tasar\u0131m\u0131nda Esneklik ve Ki\u015fiselle\u015ftirilebilirlik<\/h3>\n<p>Standart \u00e7\u00f6z\u00fcmlerden \u00e7ok daha fazlas\u0131n\u0131 sunman\u0131n yan\u0131nda sadece i\u015flevsel de\u011fil ayn\u0131 zamanda estetik olarak da bir\u00e7ok se\u00e7enek sunar. \u0130ster evinizin bah\u00e7esinde ister b\u00fcy\u00fck bir ticari i\u015fletmede kullan\u0131ls\u0131n <strong>elektrikli otomatik motorlu pergola tente<\/strong> geni\u015f renk ve tasar\u0131m alternatifleri ile mekana uyum sa\u011flar. \u0130ste\u011fe ba\u011fl\u0131 olarak tente mekan\u0131n genel dekorasyonuna uygun olarak se\u00e7ilebilir ve farkl\u0131 renk kombinasyonlar\u0131yla b\u00fct\u00fcnl\u00fck sa\u011flanabilir. Ayr\u0131ca ticari i\u015fletmeler i\u00e7in \u00f6zelle\u015ftirilebilir se\u00e7enekler sunarak tente \u00fczerine logo ya da i\u015fletme ad\u0131 i\u015flenebilir.<br \/>\nPergolan\u0131n farkl\u0131 a\u00e7\u0131lma ve kapanma a\u00e7\u0131lar\u0131 sayesinde alan\u0131n g\u00f6lgelendirilmesi tam istedi\u011finiz gibi ayarlanabilir. Tente geri \u00e7ekildi\u011finde mekan\u0131n a\u00e7\u0131k bir hava alan\u0131 gibi g\u00f6r\u00fcnmesini sa\u011flarken, kapand\u0131\u011f\u0131nda tamamen korunakl\u0131 bir alan sunar.<\/p>\n<h3>Elektrikli Otomatik Motorlu Pergola Tente\u2019nin Kullan\u0131m Alanlar\u0131<\/h3>\n<p>\u00c7ok \u00e7e\u015fitli d\u0131\u015f mekan alanlar\u0131nda kullan\u0131labilen <strong>elektrikli otomatik motorlu pergola tente<\/strong> size pratik \u00e7\u00f6z\u00fcm sunar. \u00d6zellikle kafe ve restoran gibi i\u015fletmelerde m\u00fc\u015fteri memnuniyetini art\u0131rarak a\u00e7\u0131k hava alanlar\u0131n\u0131n daha i\u015flevsel hale gelmesini sa\u011flar. Hem yaz\u0131n s\u0131cak g\u00fcnlerinde hem de k\u0131\u015f\u0131n ya\u011f\u0131\u015fl\u0131 havalarda d\u0131\u015f mekanlar\u0131n\u0131zda konforlu bir alan yaratmak i\u00e7in ideal bir tercihtir. Bah\u00e7enizdeki havuz kenar\u0131nda ya da ticari i\u015fletmenizin teras\u0131nda kullanabilece\u011finiz sistem d\u0131\u015f mekan kullan\u0131m s\u00fcrenizi uzatman\u0131za olanak tan\u0131r.<\/p>\n<h3>Pratik ve Kolay Kullan\u0131m<\/h3>\n<p>\u00d6zellikle kullan\u0131m kolayl\u0131\u011f\u0131yla \u00f6n plana \u00e7\u0131kan <strong>elektrikli otomatik motorlu pergola tente<\/strong> otomatik motor sistemi sayesinde tente a\u00e7ma ve kapama i\u015flemleri birka\u00e7 saniye i\u00e7inde tamamlan\u0131r. Geleneksel tente sistemlerinde manuel olarak yap\u0131lmas\u0131 gereken i\u015flemleri tamamen elektronik motorla ger\u00e7ekle\u015ftirildi\u011fi i\u00e7in zamandan ve efordan tasarruf sa\u011flan\u0131r. \u00d6zellikle geni\u015f a\u00e7\u0131k alanlarda yer tasarrufu sa\u011flamak ve estetik bir g\u00f6r\u00fcn\u00fcm elde etmek i\u00e7in elektrikli otomatik motorlu pergola tente en ideal \u00e7\u00f6z\u00fcmlerden biridir.<\/p>\n","protected":false},"excerpt":{"rendered":"<p>Bah\u00e7enizde ya da ticari alanlarda otomatik kontrol kolayl\u0131\u011f\u0131yla <strong>elektrikli otomatik motorlu pergola tente<\/strong> konfor ve \u015f\u0131kl\u0131k sunar. Geni\u015f alanlar\u0131 her mevsim korur, UV ve ya\u011fmura kar\u015f\u0131 dayan\u0131kl\u0131 yap\u0131s\u0131yla d\u0131\u015f mekanlar\u0131n\u0131z\u0131 estetik bir hale getirir.<\/p>\n[gallery size=\"full\" link=\"file\" ids=\"2136,2135,2134\"]\n","protected":false},"featured_media":2138,"comment_status":"open","ping_status":"closed","template":"","meta":{"_kad_blocks_custom_css":"","_kad_blocks_head_custom_js":"","_kad_blocks_body_custom_js":"","_kad_blocks_footer_custom_js":"","_kadence_starter_templates_imported_post":false,"_kad_post_transparent":"default","_kad_post_title":"","_kad_post_layout":"default","_kad_post_sidebar_id":"","_kad_post_content_style":"default","_kad_post_vertical_padding":"default","_kad_post_feature":"","_kad_post_feature_position":"","_kad_post_header":false,"_kad_post_footer":false},"product_cat":[18],"product_tag":[],"class_list":{"0":"post-2111","1":"product","2":"type-product","3":"status-publish","4":"has-post-thumbnail","6":"product_cat-genel","8":"first","9":"instock","10":"sale","11":"taxable","12":"shipping-taxable","13":"purchasable","14":"product-type-simple","15":"entry","16":"content-bg","17":"loop-entry"},"yoast_head":"<!-- This site is optimized with the Yoast SEO plugin v25.0 - https:\/\/yoast.com\/wordpress\/plugins\/seo\/ -->\n<title>Motorlu Pergola Tente | Otomatik ve Elektrikli Sistemler<\/title>\n<meta name=\"description\" content=\"Motorlu pergola tente, elektrikli tente ve otomatik pergola sistemleriyle a\u00e7\u0131k alanlarda konfor sa\u011flay\u0131n. \u0130stanbul&#039;da profesyonel uygulama.\" \/>\n<meta name=\"robots\" content=\"index, follow, max-snippet:-1, max-image-preview:large, max-video-preview:-1\" \/>\n<link rel=\"canonical\" href=\"https:\/\/www.istanbultente.org\/tr_tr\/urun\/elektrikli-otomatik-motorlu-pergola-tente\/\" \/>\n<meta property=\"og:locale\" content=\"tr_TR\" \/>\n<meta property=\"og:type\" content=\"article\" \/>\n<meta property=\"og:title\" content=\"Motorlu Pergola Tente | Otomatik ve Elektrikli Sistemler\" \/>\n<meta property=\"og:description\" content=\"Motorlu pergola tente, elektrikli tente ve otomatik pergola sistemleriyle a\u00e7\u0131k alanlarda konfor sa\u011flay\u0131n. \u0130stanbul&#039;da profesyonel uygulama.\" \/>\n<meta property=\"og:url\" content=\"https:\/\/www.istanbultente.org\/tr_tr\/urun\/elektrikli-otomatik-motorlu-pergola-tente\/\" \/>\n<meta property=\"og:site_name\" content=\"\u0130stanbul Tente Pergola\" \/>\n<meta property=\"og:image\" content=\"https:\/\/www.istanbultente.org\/wp-content\/uploads\/2024\/10\/otomatik-tente-pergola.jpg\" \/>\n\t<meta property=\"og:image:width\" content=\"1440\" \/>\n\t<meta property=\"og:image:height\" content=\"1080\" \/>\n\t<meta property=\"og:image:type\" content=\"image\/jpeg\" \/>\n<meta name=\"twitter:card\" content=\"summary_large_image\" \/>\n<meta name=\"twitter:label1\" content=\"Tahmini okuma s\u00fcresi\" \/>\n\t<meta name=\"twitter:data1\" content=\"3 dakika\" \/>\n<script type=\"application\/ld+json\" class=\"yoast-schema-graph\">{\"@context\":\"https:\/\/schema.org\",\"@graph\":[{\"@type\":\"WebPage\",\"@id\":\"https:\/\/www.istanbultente.org\/urun\/elektrikli-otomatik-motorlu-pergola-tente\/\",\"url\":\"https:\/\/www.istanbultente.org\/urun\/elektrikli-otomatik-motorlu-pergola-tente\/\",\"name\":\"Motorlu Pergola Tente | Otomatik ve Elektrikli Sistemler\",\"isPartOf\":{\"@id\":\"https:\/\/www.istanbultente.org\/#website\"},\"primaryImageOfPage\":{\"@id\":\"https:\/\/www.istanbultente.org\/urun\/elektrikli-otomatik-motorlu-pergola-tente\/#primaryimage\"},\"image\":{\"@id\":\"https:\/\/www.istanbultente.org\/urun\/elektrikli-otomatik-motorlu-pergola-tente\/#primaryimage\"},\"thumbnailUrl\":\"https:\/\/www.istanbultente.org\/wp-content\/uploads\/2024\/10\/otomatik-tente-pergola.jpg\",\"datePublished\":\"2026-01-15T20:01:33+00:00\",\"description\":\"Motorlu pergola tente, elektrikli tente ve otomatik pergola sistemleriyle a\u00e7\u0131k alanlarda konfor sa\u011flay\u0131n. \u0130stanbul'da profesyonel uygulama.\",\"breadcrumb\":{\"@id\":\"https:\/\/www.istanbultente.org\/urun\/elektrikli-otomatik-motorlu-pergola-tente\/#breadcrumb\"},\"inLanguage\":\"tr\",\"potentialAction\":[{\"@type\":\"ReadAction\",\"target\":[\"https:\/\/www.istanbultente.org\/urun\/elektrikli-otomatik-motorlu-pergola-tente\/\"]}]},{\"@type\":\"ImageObject\",\"inLanguage\":\"tr\",\"@id\":\"https:\/\/www.istanbultente.org\/urun\/elektrikli-otomatik-motorlu-pergola-tente\/#primaryimage\",\"url\":\"https:\/\/www.istanbultente.org\/wp-content\/uploads\/2024\/10\/otomatik-tente-pergola.jpg\",\"contentUrl\":\"https:\/\/www.istanbultente.org\/wp-content\/uploads\/2024\/10\/otomatik-tente-pergola.jpg\",\"width\":1440,\"height\":1080,\"caption\":\"otomatik Pergola Tente\"},{\"@type\":\"BreadcrumbList\",\"@id\":\"https:\/\/www.istanbultente.org\/urun\/elektrikli-otomatik-motorlu-pergola-tente\/#breadcrumb\",\"itemListElement\":[{\"@type\":\"ListItem\",\"position\":1,\"name\":\"Home\",\"item\":\"https:\/\/www.istanbultente.org\/\"},{\"@type\":\"ListItem\",\"position\":2,\"name\":\"Ma\u011faza\",\"item\":\"https:\/\/www.istanbultente.org\/magaza\/\"},{\"@type\":\"ListItem\",\"position\":3,\"name\":\"Elektrikli Otomatik Motorlu Pergola Tente\"}]},{\"@type\":\"WebSite\",\"@id\":\"https:\/\/www.istanbultente.org\/#website\",\"url\":\"https:\/\/www.istanbultente.org\/\",\"name\":\"\u0130stanbul Tente Pergola\",\"description\":\"\",\"publisher\":{\"@id\":\"https:\/\/www.istanbultente.org\/#organization\"},\"potentialAction\":[{\"@type\":\"SearchAction\",\"target\":{\"@type\":\"EntryPoint\",\"urlTemplate\":\"https:\/\/www.istanbultente.org\/?s={search_term_string}\"},\"query-input\":{\"@type\":\"PropertyValueSpecification\",\"valueRequired\":true,\"valueName\":\"search_term_string\"}}],\"inLanguage\":\"tr\"},{\"@type\":\"Organization\",\"@id\":\"https:\/\/www.istanbultente.org\/#organization\",\"name\":\"\u0130stanbul Tente Pergola\",\"url\":\"https:\/\/www.istanbultente.org\/\",\"logo\":{\"@type\":\"ImageObject\",\"inLanguage\":\"tr\",\"@id\":\"https:\/\/www.istanbultente.org\/#\/schema\/logo\/image\/\",\"url\":\"https:\/\/www.istanbultente.org\/wp-content\/uploads\/2024\/05\/istanbul-tente-pergola-3.png\",\"contentUrl\":\"https:\/\/www.istanbultente.org\/wp-content\/uploads\/2024\/05\/istanbul-tente-pergola-3.png\",\"width\":876,\"height\":229,\"caption\":\"\u0130stanbul Tente Pergola\"},\"image\":{\"@id\":\"https:\/\/www.istanbultente.org\/#\/schema\/logo\/image\/\"}}]}<\/script>\n<!-- \/ Yoast SEO plugin. -->","yoast_head_json":{"title":"Motorlu Pergola Tente | Otomatik ve Elektrikli Sistemler","description":"Motorlu pergola tente, elektrikli tente ve otomatik pergola sistemleriyle a\u00e7\u0131k alanlarda konfor sa\u011flay\u0131n. \u0130stanbul'da profesyonel uygulama.","robots":{"index":"index","follow":"follow","max-snippet":"max-snippet:-1","max-image-preview":"max-image-preview:large","max-video-preview":"max-video-preview:-1"},"canonical":"https:\/\/www.istanbultente.org\/tr_tr\/urun\/elektrikli-otomatik-motorlu-pergola-tente\/","og_locale":"tr_TR","og_type":"article","og_title":"Motorlu Pergola Tente | Otomatik ve Elektrikli Sistemler","og_description":"Motorlu pergola tente, elektrikli tente ve otomatik pergola sistemleriyle a\u00e7\u0131k alanlarda konfor sa\u011flay\u0131n. \u0130stanbul'da profesyonel uygulama.","og_url":"https:\/\/www.istanbultente.org\/tr_tr\/urun\/elektrikli-otomatik-motorlu-pergola-tente\/","og_site_name":"\u0130stanbul Tente Pergola","og_image":[{"width":1440,"height":1080,"url":"https:\/\/www.istanbultente.org\/wp-content\/uploads\/2024\/10\/otomatik-tente-pergola.jpg","type":"image\/jpeg"}],"twitter_card":"summary_large_image","twitter_misc":{"Tahmini okuma s\u00fcresi":"3 dakika"},"schema":{"@context":"https:\/\/schema.org","@graph":[{"@type":"WebPage","@id":"https:\/\/www.istanbultente.org\/urun\/elektrikli-otomatik-motorlu-pergola-tente\/","url":"https:\/\/www.istanbultente.org\/urun\/elektrikli-otomatik-motorlu-pergola-tente\/","name":"Motorlu Pergola Tente | Otomatik ve Elektrikli Sistemler","isPartOf":{"@id":"https:\/\/www.istanbultente.org\/#website"},"primaryImageOfPage":{"@id":"https:\/\/www.istanbultente.org\/urun\/elektrikli-otomatik-motorlu-pergola-tente\/#primaryimage"},"image":{"@id":"https:\/\/www.istanbultente.org\/urun\/elektrikli-otomatik-motorlu-pergola-tente\/#primaryimage"},"thumbnailUrl":"https:\/\/www.istanbultente.org\/wp-content\/uploads\/2024\/10\/otomatik-tente-pergola.jpg","datePublished":"2026-01-15T20:01:33+00:00","description":"Motorlu pergola tente, elektrikli tente ve otomatik pergola sistemleriyle a\u00e7\u0131k alanlarda konfor sa\u011flay\u0131n. \u0130stanbul'da profesyonel uygulama.","breadcrumb":{"@id":"https:\/\/www.istanbultente.org\/urun\/elektrikli-otomatik-motorlu-pergola-tente\/#breadcrumb"},"inLanguage":"tr","potentialAction":[{"@type":"ReadAction","target":["https:\/\/www.istanbultente.org\/urun\/elektrikli-otomatik-motorlu-pergola-tente\/"]}]},{"@type":"ImageObject","inLanguage":"tr","@id":"https:\/\/www.istanbultente.org\/urun\/elektrikli-otomatik-motorlu-pergola-tente\/#primaryimage","url":"https:\/\/www.istanbultente.org\/wp-content\/uploads\/2024\/10\/otomatik-tente-pergola.jpg","contentUrl":"https:\/\/www.istanbultente.org\/wp-content\/uploads\/2024\/10\/otomatik-tente-pergola.jpg","width":1440,"height":1080,"caption":"otomatik Pergola Tente"},{"@type":"BreadcrumbList","@id":"https:\/\/www.istanbultente.org\/urun\/elektrikli-otomatik-motorlu-pergola-tente\/#breadcrumb","itemListElement":[{"@type":"ListItem","position":1,"name":"Home","item":"https:\/\/www.istanbultente.org\/"},{"@type":"ListItem","position":2,"name":"Ma\u011faza","item":"https:\/\/www.istanbultente.org\/magaza\/"},{"@type":"ListItem","position":3,"name":"Elektrikli Otomatik Motorlu Pergola Tente"}]},{"@type":"WebSite","@id":"https:\/\/www.istanbultente.org\/#website","url":"https:\/\/www.istanbultente.org\/","name":"\u0130stanbul Tente Pergola","description":"","publisher":{"@id":"https:\/\/www.istanbultente.org\/#organization"},"potentialAction":[{"@type":"SearchAction","target":{"@type":"EntryPoint","urlTemplate":"https:\/\/www.istanbultente.org\/?s={search_term_string}"},"query-input":{"@type":"PropertyValueSpecification","valueRequired":true,"valueName":"search_term_string"}}],"inLanguage":"tr"},{"@type":"Organization","@id":"https:\/\/www.istanbultente.org\/#organization","name":"\u0130stanbul Tente Pergola","url":"https:\/\/www.istanbultente.org\/","logo":{"@type":"ImageObject","inLanguage":"tr","@id":"https:\/\/www.istanbultente.org\/#\/schema\/logo\/image\/","url":"https:\/\/www.istanbultente.org\/wp-content\/uploads\/2024\/05\/istanbul-tente-pergola-3.png","contentUrl":"https:\/\/www.istanbultente.org\/wp-content\/uploads\/2024\/05\/istanbul-tente-pergola-3.png","width":876,"height":229,"caption":"\u0130stanbul Tente Pergola"},"image":{"@id":"https:\/\/www.istanbultente.org\/#\/schema\/logo\/image\/"}}]}},"taxonomy_info":{"product_cat":[{"value":18,"label":"Genel"}]},"featured_image_src_large":["https:\/\/www.istanbultente.org\/wp-content\/uploads\/2024\/10\/otomatik-tente-pergola-1024x768.jpg",1024,768,true],"author_info":[],"comment_info":1,"jetpack_sharing_enabled":true,"_links":{"self":[{"href":"https:\/\/www.istanbultente.org\/tr_tr\/wp-json\/wp\/v2\/product\/2111","targetHints":{"allow":["GET"]}}],"collection":[{"href":"https:\/\/www.istanbultente.org\/tr_tr\/wp-json\/wp\/v2\/product"}],"about":[{"href":"https:\/\/www.istanbultente.org\/tr_tr\/wp-json\/wp\/v2\/types\/product"}],"replies":[{"embeddable":true,"href":"https:\/\/www.istanbultente.org\/tr_tr\/wp-json\/wp\/v2\/comments?post=2111"}],"wp:featuredmedia":[{"embeddable":true,"href":"https:\/\/www.istanbultente.org\/tr_tr\/wp-json\/wp\/v2\/media\/2138"}],"wp:attachment":[{"href":"https:\/\/www.istanbultente.org\/tr_tr\/wp-json\/wp\/v2\/media?parent=2111"}],"wp:term":[{"taxonomy":"product_cat","embeddable":true,"href":"https:\/\/www.istanbultente.org\/tr_tr\/wp-json\/wp\/v2\/product_cat?post=2111"},{"taxonomy":"product_tag","embeddable":true,"href":"https:\/\/www.istanbultente.org\/tr_tr\/wp-json\/wp\/v2\/product_tag?post=2111"}],"curies":[{"name":"wp","href":"https:\/\/api.w.org\/{rel}","templated":true}]}}