{"id":2180,"date":"2025-01-04T14:24:14","date_gmt":"2025-01-04T14:24:14","guid":{"rendered":"https:\/\/www.istanbultente.org\/?post_type=product&#038;p=2180"},"modified":"2025-02-22T11:26:52","modified_gmt":"2025-02-22T11:26:52","slug":"duvar-tipi-tente","status":"publish","type":"product","link":"https:\/\/www.istanbultente.org\/tr_tr\/urun\/duvar-tipi-tente\/","title":{"rendered":"Duvar Tipi Tente"},"content":{"rendered":"<p>D\u0131\u015f mekanlar\u0131 daha kullan\u0131\u015fl\u0131 ve keyifli hale getiren <strong>duvar tipi tente<\/strong> olduk\u00e7a estetik bir g\u00f6lgelendirme sistemidir. Balkonlar\u0131n\u0131zda, teraslarda ya da ticari ama\u00e7l\u0131 kafe restoranlar\u0131n a\u00e7\u0131k alanlar\u0131 gibi bir\u00e7ok mekanda sa\u011flad\u0131\u011f\u0131 konfor ve koruma nedeniyle tercih edilirler. Do\u011frudan duvara monte edilmesiyle bilinir ve istenildi\u011finde manuel ya da motorlu olarak a\u00e7\u0131l\u0131p kapat\u0131labilir. \u00d6zellikle yaz aylar\u0131nda g\u00f6lge sunarken ya\u011fmurlu g\u00fcnlerde de d\u0131\u015f mekanlarda g\u00fcvenli ve rahat bir ortam yarat\u0131r.<\/p>\n<h2>Duvar Tipi Tentenin Teknik \u00d6zellikleri<\/h2>\n<p>Dayan\u0131kl\u0131l\u0131k ve kalite<strong> duvar tipi tente <\/strong>\u00e7e\u015fitlerinde en \u00f6ne \u00e7\u0131kan \u00f6zelliklerindendir. Genellikle y\u00fcksek kaliteli su ge\u00e7irmez kuma\u015flardan \u00fcretilirler ve bu kuma\u015flar UV \u0131\u015f\u0131nlar\u0131na kar\u015f\u0131 da olduk\u00e7a dayan\u0131kl\u0131d\u0131r. Tenteyi yaln\u0131zca g\u00fcne\u015f \u0131\u015f\u0131\u011f\u0131n\u0131n zararl\u0131 etkilerinden korumakla kalmay\u0131p ayn\u0131 zamanda kuma\u015f\u0131n rengini koruyarak estetik g\u00f6r\u00fcn\u00fcm\u00fcn\u00fc uzun s\u00fcre boyunca s\u00fcrd\u00fcrmesine yard\u0131mc\u0131 olur. Bununla beraber tentenin iskeletinde kullan\u0131lan al\u00fcminyum ya da paslanmaz \u00e7elik tentenin sa\u011flaml\u0131\u011f\u0131n\u0131 art\u0131rarak r\u00fczgarl\u0131 ve ya\u011fmurlu havalarda da g\u00fcvenli kullan\u0131m sa\u011flar.<\/p>\n<p>A\u00e7\u0131p kapatma se\u00e7enekleri a\u00e7\u0131s\u0131ndan <strong>duvar tipi tente<\/strong> farkl\u0131 modeller sunar. Motorlu modeller uzaktan kumanda ile kontrol edilebilirken manuel tenteler bir kol yard\u0131m\u0131yla kolayca a\u00e7\u0131labilir. \u0130htiyaca g\u00f6re tercih edilebilen modellerimiz her mekanda i\u015flevsel bir \u00e7\u00f6z\u00fcm sunar. \u00d6zellikle motorlu modellerde tente zahmetsizce y\u00f6netilerek g\u00fcne\u015fin konumuna g\u00f6re ayarlanabilir.<\/p>\n<h2>Mekana \u015e\u0131kl\u0131k Katan Tasar\u0131m<\/h2>\n<p>En sevilen yanlar\u0131ndan biri sade ama modern bir tasar\u0131ma sahip olmalar\u0131d\u0131r. Farkl\u0131 renk ve desen se\u00e7enekleriyle <strong>duvar tipi tente <\/strong>hemen hemen her dekorasyon tarz\u0131na uyum sa\u011flayabilir. A\u00e7\u0131k alanlar\u0131 daha ferah ve d\u00fczenli bir g\u00f6r\u00fcn\u00fcme kavu\u015fturur. Tente kapand\u0131\u011f\u0131ndaysa duvarla b\u00fct\u00fcnle\u015fen d\u00fcz yap\u0131s\u0131 sayesinde fazla yer kaplamaz b\u00f6ylece mekanda sade bir estetik sa\u011flar.<\/p>\n<h2>Duvar Tipi Tentenin Avantajlar\u0131<\/h2>\n<p>D\u0131\u015f mekanlarda d\u00f6rt mevsim boyunca konfor sa\u011flar. Yaz aylar\u0131nda yo\u011fun g\u00fcne\u015f \u0131\u015f\u0131\u011f\u0131n\u0131 bloke ederek serin bir g\u00f6lge yarat\u0131rken ya\u011fmurlu havalarda su ge\u00e7irmez yap\u0131s\u0131yla koruma sa\u011flar. Sabit olarak monte edildi\u011fi i\u00e7in yer kaplamaz ve mekanda fazla alan i\u015fgal etmez. Hem evlerde hem de i\u015fletmelerde daha geni\u015f bir kullan\u0131m alan\u0131 sunar.<\/p>\n<p>D\u00fczenli bak\u0131m gerektirmeden uzun y\u0131llar dayan\u0131kl\u0131 kalan <strong>duvar tipi tente<\/strong> kaliteli malzemeleri sayesinde zorlu hava ko\u015fullar\u0131na kar\u015f\u0131 y\u00fcksek performans g\u00f6sterir. Tenteyi a\u00e7\u0131p kapatma ihtiyac\u0131 olmad\u0131\u011f\u0131nda d\u00fcz bir y\u00fczeyde kapanarak g\u00f6rsel olarak esteti\u011fi bozmadan mekanda varl\u0131\u011f\u0131n\u0131 s\u00fcrd\u00fcr\u00fcr.<\/p>\n","protected":false},"excerpt":{"rendered":"<p>D\u0131\u015f mekanlar\u0131 koruma alt\u0131na alan ve estetik g\u00f6r\u00fcn\u00fcm sa\u011flayan <strong>duvar tipi tente <\/strong>\u015f\u0131k bir g\u00f6lgelendirme \u00e7\u00f6z\u00fcm\u00fcd\u00fcr. Balkon, teras, kafe gibi alanlarda kullan\u0131lan duvar tipi tente, dayan\u0131kl\u0131 ve uzun \u00f6m\u00fcrl\u00fc yap\u0131s\u0131yla d\u00f6rt mevsim boyunca konfor sunar.<\/p>\n","protected":false},"featured_media":2181,"comment_status":"open","ping_status":"closed","template":"","meta":{"_kad_blocks_custom_css":"","_kad_blocks_head_custom_js":"","_kad_blocks_body_custom_js":"","_kad_blocks_footer_custom_js":"","_kadence_starter_templates_imported_post":false,"_kad_post_transparent":"default","_kad_post_title":"","_kad_post_layout":"default","_kad_post_sidebar_id":"","_kad_post_content_style":"default","_kad_post_vertical_padding":"default","_kad_post_feature":"","_kad_post_feature_position":"","_kad_post_header":false,"_kad_post_footer":false},"product_cat":[18],"product_tag":[],"class_list":{"0":"post-2180","1":"product","2":"type-product","3":"status-publish","4":"has-post-thumbnail","6":"product_cat-genel","8":"first","9":"instock","10":"sale","11":"taxable","12":"shipping-taxable","13":"purchasable","14":"product-type-simple","15":"entry","16":"content-bg","17":"loop-entry"},"yoast_head":"<!-- This site is optimized with the Yoast SEO plugin v25.0 - https:\/\/yoast.com\/wordpress\/plugins\/seo\/ -->\n<title>Duvar Tipi Tente - \u0130stanbul Tente Pergola<\/title>\n<meta name=\"robots\" content=\"index, follow, max-snippet:-1, max-image-preview:large, max-video-preview:-1\" \/>\n<link rel=\"canonical\" href=\"https:\/\/www.istanbultente.org\/tr_tr\/urun\/duvar-tipi-tente\/\" \/>\n<meta property=\"og:locale\" content=\"tr_TR\" \/>\n<meta property=\"og:type\" content=\"article\" \/>\n<meta property=\"og:title\" content=\"Duvar Tipi Tente - \u0130stanbul Tente Pergola\" \/>\n<meta property=\"og:description\" content=\"D\u0131\u015f mekanlar\u0131 koruma alt\u0131na alan ve estetik g\u00f6r\u00fcn\u00fcm sa\u011flayan duvar tipi tente \u015f\u0131k bir g\u00f6lgelendirme \u00e7\u00f6z\u00fcm\u00fcd\u00fcr. Balkon, teras, kafe gibi alanlarda kullan\u0131lan duvar tipi tente, dayan\u0131kl\u0131 ve uzun \u00f6m\u00fcrl\u00fc yap\u0131s\u0131yla d\u00f6rt mevsim boyunca konfor sunar.\" \/>\n<meta property=\"og:url\" content=\"https:\/\/www.istanbultente.org\/tr_tr\/urun\/duvar-tipi-tente\/\" \/>\n<meta property=\"og:site_name\" content=\"\u0130stanbul Tente Pergola\" \/>\n<meta property=\"article:modified_time\" content=\"2025-02-22T11:26:52+00:00\" \/>\n<meta property=\"og:image\" content=\"https:\/\/www.istanbultente.org\/wp-content\/uploads\/2024\/10\/duvar-tipi-tente.jpg\" \/>\n\t<meta property=\"og:image:width\" content=\"317\" \/>\n\t<meta property=\"og:image:height\" content=\"317\" \/>\n\t<meta property=\"og:image:type\" content=\"image\/jpeg\" \/>\n<meta name=\"twitter:card\" content=\"summary_large_image\" \/>\n<meta name=\"twitter:label1\" content=\"Tahmini okuma s\u00fcresi\" \/>\n\t<meta name=\"twitter:data1\" content=\"2 dakika\" \/>\n<script type=\"application\/ld+json\" class=\"yoast-schema-graph\">{\"@context\":\"https:\/\/schema.org\",\"@graph\":[{\"@type\":\"WebPage\",\"@id\":\"https:\/\/www.istanbultente.org\/urun\/duvar-tipi-tente\/\",\"url\":\"https:\/\/www.istanbultente.org\/urun\/duvar-tipi-tente\/\",\"name\":\"Duvar Tipi Tente - \u0130stanbul Tente Pergola\",\"isPartOf\":{\"@id\":\"https:\/\/www.istanbultente.org\/#website\"},\"primaryImageOfPage\":{\"@id\":\"https:\/\/www.istanbultente.org\/urun\/duvar-tipi-tente\/#primaryimage\"},\"image\":{\"@id\":\"https:\/\/www.istanbultente.org\/urun\/duvar-tipi-tente\/#primaryimage\"},\"thumbnailUrl\":\"https:\/\/www.istanbultente.org\/wp-content\/uploads\/2024\/10\/duvar-tipi-tente.jpg\",\"datePublished\":\"2025-01-04T14:24:14+00:00\",\"dateModified\":\"2025-02-22T11:26:52+00:00\",\"breadcrumb\":{\"@id\":\"https:\/\/www.istanbultente.org\/urun\/duvar-tipi-tente\/#breadcrumb\"},\"inLanguage\":\"tr\",\"potentialAction\":[{\"@type\":\"ReadAction\",\"target\":[\"https:\/\/www.istanbultente.org\/urun\/duvar-tipi-tente\/\"]}]},{\"@type\":\"ImageObject\",\"inLanguage\":\"tr\",\"@id\":\"https:\/\/www.istanbultente.org\/urun\/duvar-tipi-tente\/#primaryimage\",\"url\":\"https:\/\/www.istanbultente.org\/wp-content\/uploads\/2024\/10\/duvar-tipi-tente.jpg\",\"contentUrl\":\"https:\/\/www.istanbultente.org\/wp-content\/uploads\/2024\/10\/duvar-tipi-tente.jpg\",\"width\":317,\"height\":317,\"caption\":\"duvar tipi tente\"},{\"@type\":\"BreadcrumbList\",\"@id\":\"https:\/\/www.istanbultente.org\/urun\/duvar-tipi-tente\/#breadcrumb\",\"itemListElement\":[{\"@type\":\"ListItem\",\"position\":1,\"name\":\"Home\",\"item\":\"https:\/\/www.istanbultente.org\/\"},{\"@type\":\"ListItem\",\"position\":2,\"name\":\"Ma\u011faza\",\"item\":\"https:\/\/www.istanbultente.org\/magaza\/\"},{\"@type\":\"ListItem\",\"position\":3,\"name\":\"Duvar Tipi Tente\"}]},{\"@type\":\"WebSite\",\"@id\":\"https:\/\/www.istanbultente.org\/#website\",\"url\":\"https:\/\/www.istanbultente.org\/\",\"name\":\"\u0130stanbul Tente Pergola\",\"description\":\"\",\"publisher\":{\"@id\":\"https:\/\/www.istanbultente.org\/#organization\"},\"potentialAction\":[{\"@type\":\"SearchAction\",\"target\":{\"@type\":\"EntryPoint\",\"urlTemplate\":\"https:\/\/www.istanbultente.org\/?s={search_term_string}\"},\"query-input\":{\"@type\":\"PropertyValueSpecification\",\"valueRequired\":true,\"valueName\":\"search_term_string\"}}],\"inLanguage\":\"tr\"},{\"@type\":\"Organization\",\"@id\":\"https:\/\/www.istanbultente.org\/#organization\",\"name\":\"\u0130stanbul Tente Pergola\",\"url\":\"https:\/\/www.istanbultente.org\/\",\"logo\":{\"@type\":\"ImageObject\",\"inLanguage\":\"tr\",\"@id\":\"https:\/\/www.istanbultente.org\/#\/schema\/logo\/image\/\",\"url\":\"https:\/\/www.istanbultente.org\/wp-content\/uploads\/2024\/05\/istanbul-tente-pergola-3.png\",\"contentUrl\":\"https:\/\/www.istanbultente.org\/wp-content\/uploads\/2024\/05\/istanbul-tente-pergola-3.png\",\"width\":876,\"height\":229,\"caption\":\"\u0130stanbul Tente Pergola\"},\"image\":{\"@id\":\"https:\/\/www.istanbultente.org\/#\/schema\/logo\/image\/\"}}]}<\/script>\n<!-- \/ Yoast SEO plugin. -->","yoast_head_json":{"title":"Duvar Tipi Tente - \u0130stanbul Tente Pergola","robots":{"index":"index","follow":"follow","max-snippet":"max-snippet:-1","max-image-preview":"max-image-preview:large","max-video-preview":"max-video-preview:-1"},"canonical":"https:\/\/www.istanbultente.org\/tr_tr\/urun\/duvar-tipi-tente\/","og_locale":"tr_TR","og_type":"article","og_title":"Duvar Tipi Tente - \u0130stanbul Tente Pergola","og_description":"D\u0131\u015f mekanlar\u0131 koruma alt\u0131na alan ve estetik g\u00f6r\u00fcn\u00fcm sa\u011flayan duvar tipi tente \u015f\u0131k bir g\u00f6lgelendirme \u00e7\u00f6z\u00fcm\u00fcd\u00fcr. Balkon, teras, kafe gibi alanlarda kullan\u0131lan duvar tipi tente, dayan\u0131kl\u0131 ve uzun \u00f6m\u00fcrl\u00fc yap\u0131s\u0131yla d\u00f6rt mevsim boyunca konfor sunar.","og_url":"https:\/\/www.istanbultente.org\/tr_tr\/urun\/duvar-tipi-tente\/","og_site_name":"\u0130stanbul Tente Pergola","article_modified_time":"2025-02-22T11:26:52+00:00","og_image":[{"width":317,"height":317,"url":"https:\/\/www.istanbultente.org\/wp-content\/uploads\/2024\/10\/duvar-tipi-tente.jpg","type":"image\/jpeg"}],"twitter_card":"summary_large_image","twitter_misc":{"Tahmini okuma s\u00fcresi":"2 dakika"},"schema":{"@context":"https:\/\/schema.org","@graph":[{"@type":"WebPage","@id":"https:\/\/www.istanbultente.org\/urun\/duvar-tipi-tente\/","url":"https:\/\/www.istanbultente.org\/urun\/duvar-tipi-tente\/","name":"Duvar Tipi Tente - \u0130stanbul Tente Pergola","isPartOf":{"@id":"https:\/\/www.istanbultente.org\/#website"},"primaryImageOfPage":{"@id":"https:\/\/www.istanbultente.org\/urun\/duvar-tipi-tente\/#primaryimage"},"image":{"@id":"https:\/\/www.istanbultente.org\/urun\/duvar-tipi-tente\/#primaryimage"},"thumbnailUrl":"https:\/\/www.istanbultente.org\/wp-content\/uploads\/2024\/10\/duvar-tipi-tente.jpg","datePublished":"2025-01-04T14:24:14+00:00","dateModified":"2025-02-22T11:26:52+00:00","breadcrumb":{"@id":"https:\/\/www.istanbultente.org\/urun\/duvar-tipi-tente\/#breadcrumb"},"inLanguage":"tr","potentialAction":[{"@type":"ReadAction","target":["https:\/\/www.istanbultente.org\/urun\/duvar-tipi-tente\/"]}]},{"@type":"ImageObject","inLanguage":"tr","@id":"https:\/\/www.istanbultente.org\/urun\/duvar-tipi-tente\/#primaryimage","url":"https:\/\/www.istanbultente.org\/wp-content\/uploads\/2024\/10\/duvar-tipi-tente.jpg","contentUrl":"https:\/\/www.istanbultente.org\/wp-content\/uploads\/2024\/10\/duvar-tipi-tente.jpg","width":317,"height":317,"caption":"duvar tipi tente"},{"@type":"BreadcrumbList","@id":"https:\/\/www.istanbultente.org\/urun\/duvar-tipi-tente\/#breadcrumb","itemListElement":[{"@type":"ListItem","position":1,"name":"Home","item":"https:\/\/www.istanbultente.org\/"},{"@type":"ListItem","position":2,"name":"Ma\u011faza","item":"https:\/\/www.istanbultente.org\/magaza\/"},{"@type":"ListItem","position":3,"name":"Duvar Tipi Tente"}]},{"@type":"WebSite","@id":"https:\/\/www.istanbultente.org\/#website","url":"https:\/\/www.istanbultente.org\/","name":"\u0130stanbul Tente Pergola","description":"","publisher":{"@id":"https:\/\/www.istanbultente.org\/#organization"},"potentialAction":[{"@type":"SearchAction","target":{"@type":"EntryPoint","urlTemplate":"https:\/\/www.istanbultente.org\/?s={search_term_string}"},"query-input":{"@type":"PropertyValueSpecification","valueRequired":true,"valueName":"search_term_string"}}],"inLanguage":"tr"},{"@type":"Organization","@id":"https:\/\/www.istanbultente.org\/#organization","name":"\u0130stanbul Tente Pergola","url":"https:\/\/www.istanbultente.org\/","logo":{"@type":"ImageObject","inLanguage":"tr","@id":"https:\/\/www.istanbultente.org\/#\/schema\/logo\/image\/","url":"https:\/\/www.istanbultente.org\/wp-content\/uploads\/2024\/05\/istanbul-tente-pergola-3.png","contentUrl":"https:\/\/www.istanbultente.org\/wp-content\/uploads\/2024\/05\/istanbul-tente-pergola-3.png","width":876,"height":229,"caption":"\u0130stanbul Tente Pergola"},"image":{"@id":"https:\/\/www.istanbultente.org\/#\/schema\/logo\/image\/"}}]}},"taxonomy_info":{"product_cat":[{"value":18,"label":"Genel"}]},"featured_image_src_large":["https:\/\/www.istanbultente.org\/wp-content\/uploads\/2024\/10\/duvar-tipi-tente.jpg",317,317,false],"author_info":[],"comment_info":0,"jetpack_sharing_enabled":true,"_links":{"self":[{"href":"https:\/\/www.istanbultente.org\/tr_tr\/wp-json\/wp\/v2\/product\/2180","targetHints":{"allow":["GET"]}}],"collection":[{"href":"https:\/\/www.istanbultente.org\/tr_tr\/wp-json\/wp\/v2\/product"}],"about":[{"href":"https:\/\/www.istanbultente.org\/tr_tr\/wp-json\/wp\/v2\/types\/product"}],"replies":[{"embeddable":true,"href":"https:\/\/www.istanbultente.org\/tr_tr\/wp-json\/wp\/v2\/comments?post=2180"}],"wp:featuredmedia":[{"embeddable":true,"href":"https:\/\/www.istanbultente.org\/tr_tr\/wp-json\/wp\/v2\/media\/2181"}],"wp:attachment":[{"href":"https:\/\/www.istanbultente.org\/tr_tr\/wp-json\/wp\/v2\/media?parent=2180"}],"wp:term":[{"taxonomy":"product_cat","embeddable":true,"href":"https:\/\/www.istanbultente.org\/tr_tr\/wp-json\/wp\/v2\/product_cat?post=2180"},{"taxonomy":"product_tag","embeddable":true,"href":"https:\/\/www.istanbultente.org\/tr_tr\/wp-json\/wp\/v2\/product_tag?post=2180"}],"curies":[{"name":"wp","href":"https:\/\/api.w.org\/{rel}","templated":true}]}}