{"id":2183,"date":"2026-01-07T21:46:28","date_gmt":"2026-01-07T21:46:28","guid":{"rendered":"https:\/\/www.istanbultente.org\/?post_type=product&#038;p=2183"},"modified":"2026-01-09T09:30:43","modified_gmt":"2026-01-09T09:30:43","slug":"3x4-pergola-tente","status":"publish","type":"product","link":"https:\/\/www.istanbultente.org\/tr_tr\/urun\/3x4-pergola-tente\/","title":{"rendered":"3&#215;4 Pergola Tente"},"content":{"rendered":"<p>Geni\u015f ve kullan\u0131\u015fl\u0131 bir g\u00f6lgelik alan\u0131 sunan <strong>3&#215;4 pergola tente<\/strong> a\u00e7\u0131k hava alanlar\u0131n\u0131z\u0131 her mevsim daha konforlu hale getiriyor. Kullan\u0131ld\u0131\u011f\u0131 her alana yeni bir atmosfer katmak i\u00e7in ideal olan modelimiz dayan\u0131kl\u0131 yap\u0131s\u0131 sayesinde uzun \u00f6m\u00fcrl\u00fc bir kullan\u0131m sa\u011fl\u0131yor. Tente kuma\u015f\u0131 su ge\u00e7irmez ve UV \u0131\u015f\u0131nlar\u0131na dayan\u0131kl\u0131 malzemeden \u00fcretildi\u011finden g\u00fcne\u015fin zararl\u0131 etkilerinden koruman\u0131n yan\u0131nda ya\u011fmurlu g\u00fcnlerde bile d\u0131\u015f mekanda vakit ge\u00e7irmenizi sa\u011fl\u0131yor.<strong> Harika bir f\u0131rsat sizi bekliyor!<\/strong> 3&#215;4 \u00f6l\u00e7\u00fclerindeki pergola modelimizin metrekare fiyat\u0131, <strong>8000 TL&#8217;den sadece kdv dahil m2 fiyat\u0131 7000 TL&#8217;ye<\/strong> d\u00fc\u015ft\u00fc. Bu \u00f6zel indirimle hem estetik hem dayan\u0131kl\u0131l\u0131\u011f\u0131 uygun fiyata yakalay\u0131n. Kampanya stoklarla s\u0131n\u0131rl\u0131d\u0131r, ka\u00e7\u0131rmay\u0131n!<\/p>\n<h2>3&#215;4 Pergola Tente Dayan\u0131kl\u0131 ve G\u00fc\u00e7l\u00fc Yap\u0131 Sunar<\/h2>\n<p>Al\u00fcminyum ya da \u00e7elik iskeletiyle <strong>3&#215;4 pergola tente<\/strong> her t\u00fcrl\u00fc hava ko\u015fuluna kar\u015f\u0131 diren\u00e7 g\u00f6sterir. \u00d6zellikle s\u0131k r\u00fczgar alan veya yo\u011fun ya\u011fmur ya\u011f\u0131\u015f\u0131n\u0131n oldu\u011fu b\u00f6lgelerde bile g\u00fcvenle kullan\u0131labilirsiniz. Paslanmaya kar\u015f\u0131 \u00f6zel kaplamalarla g\u00fc\u00e7lendirilmi\u015f malzemelerimiz tentenin \u00f6mr\u00fcn\u00fc uzat\u0131r. \u00dcst seviye kuma\u015f se\u00e7ene\u011fi ise rengin ve dokunun uzun y\u0131llar korunmas\u0131n\u0131 sa\u011flar. Dayan\u0131kl\u0131 yap\u0131s\u0131yla d\u0131\u015f mekanlarda d\u00f6rt mevsim g\u00fcvenli bir g\u00f6lgelendirme sunar.<\/p>\n<h2>Konforlu ve Kullan\u0131\u015fl\u0131 \u00c7\u00f6z\u00fcmler<\/h2>\n<p>Kullan\u0131m kolayl\u0131\u011f\u0131 sunan tente modellerimizin manuel veya motorlu se\u00e7enekler mevcuttur. Motorlu sistemlerimiz tenteyi a\u00e7\u0131p kapatmay\u0131 pratik hale getirir ve uzaktan kumanda ile tentenin a\u00e7\u0131s\u0131n\u0131 ayarlaman\u0131za olanak tan\u0131r. Geni\u015f g\u00f6lgelendirme alan\u0131 sayesinde yaz g\u00fcnlerinde serin bir ortam sunarken a\u00e7\u0131k havan\u0131n keyfini daha rahat \u00e7\u0131karman\u0131z\u0131 sa\u011flar. Tente g\u00fcn boyunca g\u00fcne\u015f \u0131\u015f\u0131\u011f\u0131n\u0131 ve g\u00f6lge oran\u0131n\u0131 ayarlayarak mekan\u0131 daha konforlu hale getirir.<\/p>\n<h2>Estetik ve Dekoratif Tasar\u0131m<\/h2>\n<p>D\u0131\u015f mekan dekorasyonuna estetik bir dokunu\u015f kazand\u0131ran <strong>3&#215;4 pergola tente<\/strong> farkl\u0131 renk ve kuma\u015f se\u00e7enekleriyle hemen hemen her tarza uyum sa\u011flar. Minimalist veya klasik dekorasyon anlay\u0131\u015f\u0131na uygun se\u00e7enekler sunan tente uygulamalar\u0131m\u0131z hem evde hem de ticari alanlarda \u015f\u0131kl\u0131k ve zarafet katar. Tentenin estetik g\u00f6r\u00fcn\u00fcm\u00fc d\u0131\u015f mekanlara modern bir hava kazand\u0131r\u0131rken, alan\u0131n genel yap\u0131s\u0131na uyum sa\u011flayacak \u015fekilde \u00f6zelle\u015ftirilebilir.<\/p>\n<h2>Geni\u015f Kullan\u0131m Alanlar\u0131<\/h2>\n<p>Evde bah\u00e7eler ve teraslar i\u00e7in ideal olmas\u0131n\u0131n yan\u0131nda ayn\u0131 zamanda restoran ve kafelerde a\u00e7\u0131k hava oturma alanlar\u0131n\u0131 daha konforlu hale getirir. Geni\u015f oturma alanlar\u0131na sahip mekanlarda kullan\u0131labilecek <strong>3&#215;4 pergola tente<\/strong> m\u00fc\u015fterilere rahat bir alan sunarken ayn\u0131 zamanda i\u015fletmelerin a\u00e7\u0131k alanlar\u0131n\u0131 d\u00f6rt mevsim kullanmalar\u0131na imkan tan\u0131r.<\/p>\n<figure id=\"attachment_2330\" aria-describedby=\"caption-attachment-2330\" style=\"width: 300px\" class=\"wp-caption alignnone\"><img loading=\"lazy\" decoding=\"async\" class=\"size-medium wp-image-2330\" src=\"https:\/\/www.istanbultente.org\/wp-content\/uploads\/2024\/12\/3x4_pergola-300x225.jpg\" alt=\"3x4 pergola\" width=\"300\" height=\"225\" srcset=\"https:\/\/www.istanbultente.org\/wp-content\/uploads\/2024\/12\/3x4_pergola-300x225.jpg 300w, https:\/\/www.istanbultente.org\/wp-content\/uploads\/2024\/12\/3x4_pergola-1024x768.jpg 1024w, https:\/\/www.istanbultente.org\/wp-content\/uploads\/2024\/12\/3x4_pergola-768x576.jpg 768w, https:\/\/www.istanbultente.org\/wp-content\/uploads\/2024\/12\/3x4_pergola-16x12.jpg 16w, https:\/\/www.istanbultente.org\/wp-content\/uploads\/2024\/12\/3x4_pergola-600x450.jpg 600w, https:\/\/www.istanbultente.org\/wp-content\/uploads\/2024\/12\/3x4_pergola.jpg 1440w\" sizes=\"auto, (max-width: 300px) 100vw, 300px\" \/><figcaption id=\"caption-attachment-2330\" class=\"wp-caption-text\">3&#215;4 pergola<\/figcaption><\/figure>\n<figure id=\"attachment_2329\" aria-describedby=\"caption-attachment-2329\" style=\"width: 300px\" class=\"wp-caption alignnone\"><img loading=\"lazy\" decoding=\"async\" class=\"size-medium wp-image-2329\" src=\"https:\/\/www.istanbultente.org\/wp-content\/uploads\/2024\/12\/3x4_pergole-300x225.jpg\" alt=\"3x4 pergole\" width=\"300\" height=\"225\" srcset=\"https:\/\/www.istanbultente.org\/wp-content\/uploads\/2024\/12\/3x4_pergole-300x225.jpg 300w, https:\/\/www.istanbultente.org\/wp-content\/uploads\/2024\/12\/3x4_pergole-1024x768.jpg 1024w, https:\/\/www.istanbultente.org\/wp-content\/uploads\/2024\/12\/3x4_pergole-768x576.jpg 768w, https:\/\/www.istanbultente.org\/wp-content\/uploads\/2024\/12\/3x4_pergole-16x12.jpg 16w, https:\/\/www.istanbultente.org\/wp-content\/uploads\/2024\/12\/3x4_pergole-600x450.jpg 600w, https:\/\/www.istanbultente.org\/wp-content\/uploads\/2024\/12\/3x4_pergole.jpg 1440w\" sizes=\"auto, (max-width: 300px) 100vw, 300px\" \/><figcaption id=\"caption-attachment-2329\" class=\"wp-caption-text\">3&#215;4 pergole<\/figcaption><\/figure>\n","protected":false},"excerpt":{"rendered":"<p>Geni\u015f d\u0131\u015f mekanlarda<strong> 3&#215;4 pergola tente<\/strong> konforu ya\u015fay\u0131n. Dayan\u0131kl\u0131 yap\u0131s\u0131, \u015f\u0131k tasar\u0131m\u0131 ve farkl\u0131 renk se\u00e7enekleriyle her mevsim rahat bir g\u00f6lgelik sa\u011flayan bu tente, bah\u00e7e ve teraslar i\u00e7in idealdir.<\/p>\n","protected":false},"featured_media":2329,"comment_status":"open","ping_status":"closed","template":"","meta":{"_kad_blocks_custom_css":"","_kad_blocks_head_custom_js":"","_kad_blocks_body_custom_js":"","_kad_blocks_footer_custom_js":"","_kadence_starter_templates_imported_post":false,"_kad_post_transparent":"default","_kad_post_title":"","_kad_post_layout":"default","_kad_post_sidebar_id":"","_kad_post_content_style":"default","_kad_post_vertical_padding":"default","_kad_post_feature":"","_kad_post_feature_position":"","_kad_post_header":false,"_kad_post_footer":false},"product_cat":[18],"product_tag":[],"class_list":{"0":"post-2183","1":"product","2":"type-product","3":"status-publish","4":"has-post-thumbnail","6":"product_cat-genel","8":"first","9":"instock","10":"sale","11":"taxable","12":"shipping-taxable","13":"purchasable","14":"product-type-simple","15":"entry","16":"content-bg","17":"loop-entry"},"yoast_head":"<!-- This site is optimized with the Yoast SEO plugin v25.0 - https:\/\/yoast.com\/wordpress\/plugins\/seo\/ -->\n<title>3x4 Pergola Tente | Pergola Tente \u0130stanbul ve M2 Fiyatlar\u0131<\/title>\n<meta name=\"description\" content=\"3x4 pergola tente, pergola 3x4 modelleri ve pergola tente \u0130stanbul se\u00e7enekleri. Pergole tente m2 fiyatlar\u0131 hakk\u0131nda detayl\u0131 bilgi al\u0131n.\" \/>\n<meta name=\"robots\" content=\"index, follow, max-snippet:-1, max-image-preview:large, max-video-preview:-1\" \/>\n<link rel=\"canonical\" href=\"https:\/\/www.istanbultente.org\/tr_tr\/urun\/3x4-pergola-tente\/\" \/>\n<meta property=\"og:locale\" content=\"tr_TR\" \/>\n<meta property=\"og:type\" content=\"article\" \/>\n<meta property=\"og:title\" content=\"3x4 Pergola Tente | Pergola Tente \u0130stanbul ve M2 Fiyatlar\u0131\" \/>\n<meta property=\"og:description\" content=\"3x4 pergola tente, pergola 3x4 modelleri ve pergola tente \u0130stanbul se\u00e7enekleri. Pergole tente m2 fiyatlar\u0131 hakk\u0131nda detayl\u0131 bilgi al\u0131n.\" \/>\n<meta property=\"og:url\" content=\"https:\/\/www.istanbultente.org\/tr_tr\/urun\/3x4-pergola-tente\/\" \/>\n<meta property=\"og:site_name\" content=\"\u0130stanbul Tente Pergola\" \/>\n<meta property=\"article:modified_time\" content=\"2026-01-09T09:30:43+00:00\" \/>\n<meta property=\"og:image\" content=\"https:\/\/www.istanbultente.org\/wp-content\/uploads\/2024\/12\/3x4_pergole.jpg\" \/>\n\t<meta property=\"og:image:width\" content=\"1440\" \/>\n\t<meta property=\"og:image:height\" content=\"1080\" \/>\n\t<meta property=\"og:image:type\" content=\"image\/jpeg\" \/>\n<meta name=\"twitter:card\" content=\"summary_large_image\" \/>\n<meta name=\"twitter:label1\" content=\"Tahmini okuma s\u00fcresi\" \/>\n\t<meta name=\"twitter:data1\" content=\"3 dakika\" \/>\n<script type=\"application\/ld+json\" class=\"yoast-schema-graph\">{\"@context\":\"https:\/\/schema.org\",\"@graph\":[{\"@type\":\"WebPage\",\"@id\":\"https:\/\/www.istanbultente.org\/urun\/3x4-pergola-tente\/\",\"url\":\"https:\/\/www.istanbultente.org\/urun\/3x4-pergola-tente\/\",\"name\":\"3x4 Pergola Tente | Pergola Tente \u0130stanbul ve M2 Fiyatlar\u0131\",\"isPartOf\":{\"@id\":\"https:\/\/www.istanbultente.org\/#website\"},\"primaryImageOfPage\":{\"@id\":\"https:\/\/www.istanbultente.org\/urun\/3x4-pergola-tente\/#primaryimage\"},\"image\":{\"@id\":\"https:\/\/www.istanbultente.org\/urun\/3x4-pergola-tente\/#primaryimage\"},\"thumbnailUrl\":\"https:\/\/www.istanbultente.org\/wp-content\/uploads\/2024\/12\/3x4_pergole.jpg\",\"datePublished\":\"2026-01-07T21:46:28+00:00\",\"dateModified\":\"2026-01-09T09:30:43+00:00\",\"description\":\"3x4 pergola tente, pergola 3x4 modelleri ve pergola tente \u0130stanbul se\u00e7enekleri. Pergole tente m2 fiyatlar\u0131 hakk\u0131nda detayl\u0131 bilgi al\u0131n.\",\"breadcrumb\":{\"@id\":\"https:\/\/www.istanbultente.org\/urun\/3x4-pergola-tente\/#breadcrumb\"},\"inLanguage\":\"tr\",\"potentialAction\":[{\"@type\":\"ReadAction\",\"target\":[\"https:\/\/www.istanbultente.org\/urun\/3x4-pergola-tente\/\"]}]},{\"@type\":\"ImageObject\",\"inLanguage\":\"tr\",\"@id\":\"https:\/\/www.istanbultente.org\/urun\/3x4-pergola-tente\/#primaryimage\",\"url\":\"https:\/\/www.istanbultente.org\/wp-content\/uploads\/2024\/12\/3x4_pergole.jpg\",\"contentUrl\":\"https:\/\/www.istanbultente.org\/wp-content\/uploads\/2024\/12\/3x4_pergole.jpg\",\"width\":1440,\"height\":1080,\"caption\":\"3x4 pergole\"},{\"@type\":\"BreadcrumbList\",\"@id\":\"https:\/\/www.istanbultente.org\/urun\/3x4-pergola-tente\/#breadcrumb\",\"itemListElement\":[{\"@type\":\"ListItem\",\"position\":1,\"name\":\"Home\",\"item\":\"https:\/\/www.istanbultente.org\/\"},{\"@type\":\"ListItem\",\"position\":2,\"name\":\"Ma\u011faza\",\"item\":\"https:\/\/www.istanbultente.org\/magaza\/\"},{\"@type\":\"ListItem\",\"position\":3,\"name\":\"3&#215;4 Pergola Tente\"}]},{\"@type\":\"WebSite\",\"@id\":\"https:\/\/www.istanbultente.org\/#website\",\"url\":\"https:\/\/www.istanbultente.org\/\",\"name\":\"\u0130stanbul Tente Pergola\",\"description\":\"\",\"publisher\":{\"@id\":\"https:\/\/www.istanbultente.org\/#organization\"},\"potentialAction\":[{\"@type\":\"SearchAction\",\"target\":{\"@type\":\"EntryPoint\",\"urlTemplate\":\"https:\/\/www.istanbultente.org\/?s={search_term_string}\"},\"query-input\":{\"@type\":\"PropertyValueSpecification\",\"valueRequired\":true,\"valueName\":\"search_term_string\"}}],\"inLanguage\":\"tr\"},{\"@type\":\"Organization\",\"@id\":\"https:\/\/www.istanbultente.org\/#organization\",\"name\":\"\u0130stanbul Tente Pergola\",\"url\":\"https:\/\/www.istanbultente.org\/\",\"logo\":{\"@type\":\"ImageObject\",\"inLanguage\":\"tr\",\"@id\":\"https:\/\/www.istanbultente.org\/#\/schema\/logo\/image\/\",\"url\":\"https:\/\/www.istanbultente.org\/wp-content\/uploads\/2024\/05\/istanbul-tente-pergola-3.png\",\"contentUrl\":\"https:\/\/www.istanbultente.org\/wp-content\/uploads\/2024\/05\/istanbul-tente-pergola-3.png\",\"width\":876,\"height\":229,\"caption\":\"\u0130stanbul Tente Pergola\"},\"image\":{\"@id\":\"https:\/\/www.istanbultente.org\/#\/schema\/logo\/image\/\"}}]}<\/script>\n<!-- \/ Yoast SEO plugin. -->","yoast_head_json":{"title":"3x4 Pergola Tente | Pergola Tente \u0130stanbul ve M2 Fiyatlar\u0131","description":"3x4 pergola tente, pergola 3x4 modelleri ve pergola tente \u0130stanbul se\u00e7enekleri. Pergole tente m2 fiyatlar\u0131 hakk\u0131nda detayl\u0131 bilgi al\u0131n.","robots":{"index":"index","follow":"follow","max-snippet":"max-snippet:-1","max-image-preview":"max-image-preview:large","max-video-preview":"max-video-preview:-1"},"canonical":"https:\/\/www.istanbultente.org\/tr_tr\/urun\/3x4-pergola-tente\/","og_locale":"tr_TR","og_type":"article","og_title":"3x4 Pergola Tente | Pergola Tente \u0130stanbul ve M2 Fiyatlar\u0131","og_description":"3x4 pergola tente, pergola 3x4 modelleri ve pergola tente \u0130stanbul se\u00e7enekleri. Pergole tente m2 fiyatlar\u0131 hakk\u0131nda detayl\u0131 bilgi al\u0131n.","og_url":"https:\/\/www.istanbultente.org\/tr_tr\/urun\/3x4-pergola-tente\/","og_site_name":"\u0130stanbul Tente Pergola","article_modified_time":"2026-01-09T09:30:43+00:00","og_image":[{"width":1440,"height":1080,"url":"https:\/\/www.istanbultente.org\/wp-content\/uploads\/2024\/12\/3x4_pergole.jpg","type":"image\/jpeg"}],"twitter_card":"summary_large_image","twitter_misc":{"Tahmini okuma s\u00fcresi":"3 dakika"},"schema":{"@context":"https:\/\/schema.org","@graph":[{"@type":"WebPage","@id":"https:\/\/www.istanbultente.org\/urun\/3x4-pergola-tente\/","url":"https:\/\/www.istanbultente.org\/urun\/3x4-pergola-tente\/","name":"3x4 Pergola Tente | Pergola Tente \u0130stanbul ve M2 Fiyatlar\u0131","isPartOf":{"@id":"https:\/\/www.istanbultente.org\/#website"},"primaryImageOfPage":{"@id":"https:\/\/www.istanbultente.org\/urun\/3x4-pergola-tente\/#primaryimage"},"image":{"@id":"https:\/\/www.istanbultente.org\/urun\/3x4-pergola-tente\/#primaryimage"},"thumbnailUrl":"https:\/\/www.istanbultente.org\/wp-content\/uploads\/2024\/12\/3x4_pergole.jpg","datePublished":"2026-01-07T21:46:28+00:00","dateModified":"2026-01-09T09:30:43+00:00","description":"3x4 pergola tente, pergola 3x4 modelleri ve pergola tente \u0130stanbul se\u00e7enekleri. Pergole tente m2 fiyatlar\u0131 hakk\u0131nda detayl\u0131 bilgi al\u0131n.","breadcrumb":{"@id":"https:\/\/www.istanbultente.org\/urun\/3x4-pergola-tente\/#breadcrumb"},"inLanguage":"tr","potentialAction":[{"@type":"ReadAction","target":["https:\/\/www.istanbultente.org\/urun\/3x4-pergola-tente\/"]}]},{"@type":"ImageObject","inLanguage":"tr","@id":"https:\/\/www.istanbultente.org\/urun\/3x4-pergola-tente\/#primaryimage","url":"https:\/\/www.istanbultente.org\/wp-content\/uploads\/2024\/12\/3x4_pergole.jpg","contentUrl":"https:\/\/www.istanbultente.org\/wp-content\/uploads\/2024\/12\/3x4_pergole.jpg","width":1440,"height":1080,"caption":"3x4 pergole"},{"@type":"BreadcrumbList","@id":"https:\/\/www.istanbultente.org\/urun\/3x4-pergola-tente\/#breadcrumb","itemListElement":[{"@type":"ListItem","position":1,"name":"Home","item":"https:\/\/www.istanbultente.org\/"},{"@type":"ListItem","position":2,"name":"Ma\u011faza","item":"https:\/\/www.istanbultente.org\/magaza\/"},{"@type":"ListItem","position":3,"name":"3&#215;4 Pergola Tente"}]},{"@type":"WebSite","@id":"https:\/\/www.istanbultente.org\/#website","url":"https:\/\/www.istanbultente.org\/","name":"\u0130stanbul Tente Pergola","description":"","publisher":{"@id":"https:\/\/www.istanbultente.org\/#organization"},"potentialAction":[{"@type":"SearchAction","target":{"@type":"EntryPoint","urlTemplate":"https:\/\/www.istanbultente.org\/?s={search_term_string}"},"query-input":{"@type":"PropertyValueSpecification","valueRequired":true,"valueName":"search_term_string"}}],"inLanguage":"tr"},{"@type":"Organization","@id":"https:\/\/www.istanbultente.org\/#organization","name":"\u0130stanbul Tente Pergola","url":"https:\/\/www.istanbultente.org\/","logo":{"@type":"ImageObject","inLanguage":"tr","@id":"https:\/\/www.istanbultente.org\/#\/schema\/logo\/image\/","url":"https:\/\/www.istanbultente.org\/wp-content\/uploads\/2024\/05\/istanbul-tente-pergola-3.png","contentUrl":"https:\/\/www.istanbultente.org\/wp-content\/uploads\/2024\/05\/istanbul-tente-pergola-3.png","width":876,"height":229,"caption":"\u0130stanbul Tente Pergola"},"image":{"@id":"https:\/\/www.istanbultente.org\/#\/schema\/logo\/image\/"}}]}},"taxonomy_info":{"product_cat":[{"value":18,"label":"Genel"}]},"featured_image_src_large":["https:\/\/www.istanbultente.org\/wp-content\/uploads\/2024\/12\/3x4_pergole-1024x768.jpg",1024,768,true],"author_info":[],"comment_info":1,"jetpack_sharing_enabled":true,"_links":{"self":[{"href":"https:\/\/www.istanbultente.org\/tr_tr\/wp-json\/wp\/v2\/product\/2183","targetHints":{"allow":["GET"]}}],"collection":[{"href":"https:\/\/www.istanbultente.org\/tr_tr\/wp-json\/wp\/v2\/product"}],"about":[{"href":"https:\/\/www.istanbultente.org\/tr_tr\/wp-json\/wp\/v2\/types\/product"}],"replies":[{"embeddable":true,"href":"https:\/\/www.istanbultente.org\/tr_tr\/wp-json\/wp\/v2\/comments?post=2183"}],"wp:featuredmedia":[{"embeddable":true,"href":"https:\/\/www.istanbultente.org\/tr_tr\/wp-json\/wp\/v2\/media\/2329"}],"wp:attachment":[{"href":"https:\/\/www.istanbultente.org\/tr_tr\/wp-json\/wp\/v2\/media?parent=2183"}],"wp:term":[{"taxonomy":"product_cat","embeddable":true,"href":"https:\/\/www.istanbultente.org\/tr_tr\/wp-json\/wp\/v2\/product_cat?post=2183"},{"taxonomy":"product_tag","embeddable":true,"href":"https:\/\/www.istanbultente.org\/tr_tr\/wp-json\/wp\/v2\/product_tag?post=2183"}],"curies":[{"name":"wp","href":"https:\/\/api.w.org\/{rel}","templated":true}]}}