{"id":2858,"date":"2025-12-29T20:12:55","date_gmt":"2025-12-29T20:12:55","guid":{"rendered":"https:\/\/www.istanbultente.org\/?post_type=product&#038;p=2858"},"modified":"2025-12-29T20:13:18","modified_gmt":"2025-12-29T20:13:18","slug":"pergola-golgelik-sistem","status":"publish","type":"product","link":"https:\/\/www.istanbultente.org\/tr_tr\/urun\/pergola-golgelik-sistem\/","title":{"rendered":"Pergola G\u00f6lgelik Sistem"},"content":{"rendered":"<h1 class=\"western\" style=\"text-align: left;\" align=\"center\">Pergola G\u00f6lgelik Sistem<\/h1>\n<p><span style=\"font-size: medium;\">G\u00f6lgelik sistemler a\u00e7\u0131k alanlar\u0131n korunmas\u0131 i\u00e7in \u00f6zel tasarlanm\u0131\u015f sistemlerdir. Pergola sistemi kolay kullan\u0131m \u00f6zelli\u011fi sunan, dayan\u0131kl\u0131, profesyonel ve ayn\u0131 zamanda ekonomik g\u00f6lgelik sistemidir. G\u00f6lgelik ve ya\u011fmurluk sistemlerinde dayan\u0131kl\u0131l\u0131k ve sa\u011flaml\u0131k \u00f6nemlidir.<\/span><\/p>\n<p><span style=\"font-size: medium;\">S\u0131radan g\u00f6lgelikler r\u00fczgar ve ya\u011fmur gibi etkenlere kar\u015f\u0131 dayan\u0131kl\u0131 de\u011fildir ve k\u0131sa s\u00fcrede devre d\u0131\u015f\u0131 kal\u0131r. Firmam\u0131z, bu kullan\u0131\u015fl\u0131 sistemi kolay bir \u015fekilde balkon, bah\u00e7e ve teraslara uygulamaktad\u0131r.<\/span><\/p>\n<h2 class=\"western\">Pergola G\u00f6lgelik Sistem Etkili \u00c7\u00f6z\u00fcm<\/h2>\n<p><span style=\"font-size: medium;\">Cam sistemli \u00fcr\u00fcnler, ledli \u00fcr\u00fcnler ve \u00f6zel perde se\u00e7ene\u011fine sahip \u00fcr\u00fcnler bu kategoride \u00f6ne \u00e7\u0131kmaktad\u0131r. Yaz aylar\u0131nda g\u00fcne\u015f \u0131\u015f\u0131nlar\u0131n\u0131 absorbe eden \u00fcr\u00fcn, k\u0131\u015f aylar\u0131nda ve ya\u011f\u0131\u015fl\u0131 g\u00fcnlerde ya\u011fmur suyunu \u00fcstte tutmaktad\u0131r. \u00dcr\u00fcn motorlu se\u00e7enekleriyle ve ledli \u00f6zellikleriyle daha konforlu kullan\u0131m \u00f6zelli\u011fine kavu\u015fabilir.<\/span><\/p>\n<p><span style=\"font-size: medium;\">\u00c7al\u0131\u015fman\u0131n yap\u0131laca\u011f\u0131 yerde yap\u0131lan inceleme i\u015flemi sonras\u0131nda al\u0131nan \u00f6l\u00e7\u00fcler do\u011frultusunda \u00fcretime ge\u00e7ilir. Ekibimiz m\u00fc\u015fterinin istedi\u011fi dekorasyonu kolayl\u0131kla uygulamaktad\u0131r. B<\/span><\/p>\n<p><span style=\"font-size: medium;\">ah\u00e7e zemin yap\u0131s\u0131, balkon ve teras\u0131n dekor yap\u0131s\u0131 g\u00f6z \u00f6n\u00fcne al\u0131narak imalat i\u015flemi ger\u00e7ekle\u015ftirilir. Hizmet kalitemizi profesyonel i\u015f\u00e7ilik ve kaliteli malzeme olu\u015fturur. Montaj i\u015flemleri de sorunsuz bir \u015fekilde ger\u00e7ekle\u015ftirilir.<\/span><\/p>\n<div id='gallery-1' class='gallery galleryid-2858 gallery-columns-3 gallery-size-full'><figure class='gallery-item'>\n\t\t\t<div class='gallery-icon portrait'>\n\t\t\t\t<a href='https:\/\/www.istanbultente.org\/wp-content\/uploads\/2025\/12\/Pergola_Sistemleri.jpg'><img loading=\"lazy\" decoding=\"async\" width=\"1440\" height=\"1800\" src=\"https:\/\/www.istanbultente.org\/wp-content\/uploads\/2025\/12\/Pergola_Sistemleri.jpg\" class=\"attachment-full size-full\" alt=\"Pergola Sistemleri\" aria-describedby=\"gallery-1-2862\" srcset=\"https:\/\/www.istanbultente.org\/wp-content\/uploads\/2025\/12\/Pergola_Sistemleri.jpg 1440w, https:\/\/www.istanbultente.org\/wp-content\/uploads\/2025\/12\/Pergola_Sistemleri-240x300.jpg 240w, https:\/\/www.istanbultente.org\/wp-content\/uploads\/2025\/12\/Pergola_Sistemleri-819x1024.jpg 819w, https:\/\/www.istanbultente.org\/wp-content\/uploads\/2025\/12\/Pergola_Sistemleri-768x960.jpg 768w, https:\/\/www.istanbultente.org\/wp-content\/uploads\/2025\/12\/Pergola_Sistemleri-1229x1536.jpg 1229w, https:\/\/www.istanbultente.org\/wp-content\/uploads\/2025\/12\/Pergola_Sistemleri-600x750.jpg 600w\" sizes=\"auto, (max-width: 1440px) 100vw, 1440px\" \/><\/a>\n\t\t\t<\/div>\n\t\t\t\t<figcaption class='wp-caption-text gallery-caption' id='gallery-1-2862'>\n\t\t\t\tPergola Sistemleri\n\t\t\t\t<\/figcaption><\/figure><figure class='gallery-item'>\n\t\t\t<div class='gallery-icon portrait'>\n\t\t\t\t<a href='https:\/\/www.istanbultente.org\/wp-content\/uploads\/2025\/12\/Pergola-Golgelik-Sistem-1.jpg'><img loading=\"lazy\" decoding=\"async\" width=\"1440\" height=\"1800\" src=\"https:\/\/www.istanbultente.org\/wp-content\/uploads\/2025\/12\/Pergola-Golgelik-Sistem-1.jpg\" class=\"attachment-full size-full\" alt=\"Pergola G\u00f6lgelik Sistem\" aria-describedby=\"gallery-1-2861\" srcset=\"https:\/\/www.istanbultente.org\/wp-content\/uploads\/2025\/12\/Pergola-Golgelik-Sistem-1.jpg 1440w, https:\/\/www.istanbultente.org\/wp-content\/uploads\/2025\/12\/Pergola-Golgelik-Sistem-1-240x300.jpg 240w, https:\/\/www.istanbultente.org\/wp-content\/uploads\/2025\/12\/Pergola-Golgelik-Sistem-1-819x1024.jpg 819w, https:\/\/www.istanbultente.org\/wp-content\/uploads\/2025\/12\/Pergola-Golgelik-Sistem-1-768x960.jpg 768w, https:\/\/www.istanbultente.org\/wp-content\/uploads\/2025\/12\/Pergola-Golgelik-Sistem-1-1229x1536.jpg 1229w, https:\/\/www.istanbultente.org\/wp-content\/uploads\/2025\/12\/Pergola-Golgelik-Sistem-1-600x750.jpg 600w\" sizes=\"auto, (max-width: 1440px) 100vw, 1440px\" \/><\/a>\n\t\t\t<\/div>\n\t\t\t\t<figcaption class='wp-caption-text gallery-caption' id='gallery-1-2861'>\n\t\t\t\tPergola G\u00f6lgelik Sistem\n\t\t\t\t<\/figcaption><\/figure><figure class='gallery-item'>\n\t\t\t<div class='gallery-icon portrait'>\n\t\t\t\t<a href='https:\/\/www.istanbultente.org\/wp-content\/uploads\/2025\/12\/Pergola-Golgelik-Sistem.jpg'><img loading=\"lazy\" decoding=\"async\" width=\"1440\" height=\"1800\" src=\"https:\/\/www.istanbultente.org\/wp-content\/uploads\/2025\/12\/Pergola-Golgelik-Sistem.jpg\" class=\"attachment-full size-full\" alt=\"Pergola G\u00f6lgelik Sistem\" aria-describedby=\"gallery-1-2860\" srcset=\"https:\/\/www.istanbultente.org\/wp-content\/uploads\/2025\/12\/Pergola-Golgelik-Sistem.jpg 1440w, https:\/\/www.istanbultente.org\/wp-content\/uploads\/2025\/12\/Pergola-Golgelik-Sistem-240x300.jpg 240w, https:\/\/www.istanbultente.org\/wp-content\/uploads\/2025\/12\/Pergola-Golgelik-Sistem-819x1024.jpg 819w, https:\/\/www.istanbultente.org\/wp-content\/uploads\/2025\/12\/Pergola-Golgelik-Sistem-768x960.jpg 768w, https:\/\/www.istanbultente.org\/wp-content\/uploads\/2025\/12\/Pergola-Golgelik-Sistem-1229x1536.jpg 1229w, https:\/\/www.istanbultente.org\/wp-content\/uploads\/2025\/12\/Pergola-Golgelik-Sistem-600x750.jpg 600w\" sizes=\"auto, (max-width: 1440px) 100vw, 1440px\" \/><\/a>\n\t\t\t<\/div>\n\t\t\t\t<figcaption class='wp-caption-text gallery-caption' id='gallery-1-2860'>\n\t\t\t\tPergola G\u00f6lgelik Sistem\n\t\t\t\t<\/figcaption><\/figure><figure class='gallery-item'>\n\t\t\t<div class='gallery-icon portrait'>\n\t\t\t\t<a href='https:\/\/www.istanbultente.org\/wp-content\/uploads\/2025\/12\/Pergola-Sistem.jpg'><img loading=\"lazy\" decoding=\"async\" width=\"1440\" height=\"1800\" src=\"https:\/\/www.istanbultente.org\/wp-content\/uploads\/2025\/12\/Pergola-Sistem.jpg\" class=\"attachment-full size-full\" alt=\"Pergola Sistem\" aria-describedby=\"gallery-1-2859\" srcset=\"https:\/\/www.istanbultente.org\/wp-content\/uploads\/2025\/12\/Pergola-Sistem.jpg 1440w, https:\/\/www.istanbultente.org\/wp-content\/uploads\/2025\/12\/Pergola-Sistem-240x300.jpg 240w, https:\/\/www.istanbultente.org\/wp-content\/uploads\/2025\/12\/Pergola-Sistem-819x1024.jpg 819w, https:\/\/www.istanbultente.org\/wp-content\/uploads\/2025\/12\/Pergola-Sistem-768x960.jpg 768w, https:\/\/www.istanbultente.org\/wp-content\/uploads\/2025\/12\/Pergola-Sistem-1229x1536.jpg 1229w, https:\/\/www.istanbultente.org\/wp-content\/uploads\/2025\/12\/Pergola-Sistem-600x750.jpg 600w\" sizes=\"auto, (max-width: 1440px) 100vw, 1440px\" \/><\/a>\n\t\t\t<\/div>\n\t\t\t\t<figcaption class='wp-caption-text gallery-caption' id='gallery-1-2859'>\n\t\t\t\tPergola Sistem\n\t\t\t\t<\/figcaption><\/figure>\n\t\t<\/div>\n\n","protected":false},"excerpt":{"rendered":"<p>Pergola G\u00f6lgelik Sistem G\u00f6lgelik sistemler a\u00e7\u0131k alanlar\u0131n korunmas\u0131 i\u00e7in \u00f6zel tasarlanm\u0131\u015f sistemlerdir. Pergola sistemi kolay kullan\u0131m \u00f6zelli\u011fi sunan, dayan\u0131kl\u0131, profesyonel ve ayn\u0131 zamanda ekonomik g\u00f6lgelik sistemidir. G\u00f6lgelik ve ya\u011fmurluk sistemlerinde dayan\u0131kl\u0131l\u0131k ve sa\u011flaml\u0131k \u00f6nemlidir. S\u0131radan g\u00f6lgelikler r\u00fczgar ve ya\u011fmur gibi etkenlere kar\u015f\u0131 dayan\u0131kl\u0131 de\u011fildir ve k\u0131sa s\u00fcrede devre d\u0131\u015f\u0131 kal\u0131r. Firmam\u0131z, bu kullan\u0131\u015fl\u0131 sistemi kolay&#8230;<\/p>\n","protected":false},"featured_media":2860,"comment_status":"open","ping_status":"closed","template":"","meta":{"_kad_blocks_custom_css":"","_kad_blocks_head_custom_js":"","_kad_blocks_body_custom_js":"","_kad_blocks_footer_custom_js":"","_kadence_starter_templates_imported_post":false,"_kad_post_transparent":"default","_kad_post_title":"","_kad_post_layout":"default","_kad_post_sidebar_id":"","_kad_post_content_style":"default","_kad_post_vertical_padding":"default","_kad_post_feature":"","_kad_post_feature_position":"","_kad_post_header":false,"_kad_post_footer":false},"product_cat":[18],"product_tag":[],"class_list":{"0":"post-2858","1":"product","2":"type-product","3":"status-publish","4":"has-post-thumbnail","6":"product_cat-genel","8":"first","9":"instock","10":"sale","11":"taxable","12":"shipping-taxable","13":"purchasable","14":"product-type-simple","15":"entry","16":"content-bg","17":"loop-entry"},"yoast_head":"<!-- This site is optimized with the Yoast SEO plugin v25.0 - https:\/\/yoast.com\/wordpress\/plugins\/seo\/ -->\n<title>Pergola G\u00f6lgelik Sistem - \u0130stanbul Tente Pergola<\/title>\n<meta name=\"robots\" content=\"index, follow, max-snippet:-1, max-image-preview:large, max-video-preview:-1\" \/>\n<link rel=\"canonical\" href=\"https:\/\/www.istanbultente.org\/tr_tr\/urun\/pergola-golgelik-sistem\/\" \/>\n<meta property=\"og:locale\" content=\"tr_TR\" \/>\n<meta property=\"og:type\" content=\"article\" \/>\n<meta property=\"og:title\" content=\"Pergola G\u00f6lgelik Sistem - \u0130stanbul Tente Pergola\" \/>\n<meta property=\"og:description\" content=\"Pergola G\u00f6lgelik Sistem G\u00f6lgelik sistemler a\u00e7\u0131k alanlar\u0131n korunmas\u0131 i\u00e7in \u00f6zel tasarlanm\u0131\u015f sistemlerdir. Pergola sistemi kolay kullan\u0131m \u00f6zelli\u011fi sunan, dayan\u0131kl\u0131, profesyonel ve ayn\u0131 zamanda ekonomik g\u00f6lgelik sistemidir. G\u00f6lgelik ve ya\u011fmurluk sistemlerinde dayan\u0131kl\u0131l\u0131k ve sa\u011flaml\u0131k \u00f6nemlidir. S\u0131radan g\u00f6lgelikler r\u00fczgar ve ya\u011fmur gibi etkenlere kar\u015f\u0131 dayan\u0131kl\u0131 de\u011fildir ve k\u0131sa s\u00fcrede devre d\u0131\u015f\u0131 kal\u0131r. Firmam\u0131z, bu kullan\u0131\u015fl\u0131 sistemi kolay...\" \/>\n<meta property=\"og:url\" content=\"https:\/\/www.istanbultente.org\/tr_tr\/urun\/pergola-golgelik-sistem\/\" \/>\n<meta property=\"og:site_name\" content=\"\u0130stanbul Tente Pergola\" \/>\n<meta property=\"article:modified_time\" content=\"2025-12-29T20:13:18+00:00\" \/>\n<meta property=\"og:image\" content=\"https:\/\/www.istanbultente.org\/wp-content\/uploads\/2025\/12\/Pergola-Golgelik-Sistem.jpg\" \/>\n\t<meta property=\"og:image:width\" content=\"1440\" \/>\n\t<meta property=\"og:image:height\" content=\"1800\" \/>\n\t<meta property=\"og:image:type\" content=\"image\/jpeg\" \/>\n<meta name=\"twitter:card\" content=\"summary_large_image\" \/>\n<meta name=\"twitter:label1\" content=\"Tahmini okuma s\u00fcresi\" \/>\n\t<meta name=\"twitter:data1\" content=\"2 dakika\" \/>\n<script type=\"application\/ld+json\" class=\"yoast-schema-graph\">{\"@context\":\"https:\/\/schema.org\",\"@graph\":[{\"@type\":\"WebPage\",\"@id\":\"https:\/\/www.istanbultente.org\/urun\/pergola-golgelik-sistem\/\",\"url\":\"https:\/\/www.istanbultente.org\/urun\/pergola-golgelik-sistem\/\",\"name\":\"Pergola G\u00f6lgelik Sistem - \u0130stanbul Tente Pergola\",\"isPartOf\":{\"@id\":\"https:\/\/www.istanbultente.org\/#website\"},\"primaryImageOfPage\":{\"@id\":\"https:\/\/www.istanbultente.org\/urun\/pergola-golgelik-sistem\/#primaryimage\"},\"image\":{\"@id\":\"https:\/\/www.istanbultente.org\/urun\/pergola-golgelik-sistem\/#primaryimage\"},\"thumbnailUrl\":\"https:\/\/www.istanbultente.org\/wp-content\/uploads\/2025\/12\/Pergola-Golgelik-Sistem.jpg\",\"datePublished\":\"2025-12-29T20:12:55+00:00\",\"dateModified\":\"2025-12-29T20:13:18+00:00\",\"breadcrumb\":{\"@id\":\"https:\/\/www.istanbultente.org\/urun\/pergola-golgelik-sistem\/#breadcrumb\"},\"inLanguage\":\"tr\",\"potentialAction\":[{\"@type\":\"ReadAction\",\"target\":[\"https:\/\/www.istanbultente.org\/urun\/pergola-golgelik-sistem\/\"]}]},{\"@type\":\"ImageObject\",\"inLanguage\":\"tr\",\"@id\":\"https:\/\/www.istanbultente.org\/urun\/pergola-golgelik-sistem\/#primaryimage\",\"url\":\"https:\/\/www.istanbultente.org\/wp-content\/uploads\/2025\/12\/Pergola-Golgelik-Sistem.jpg\",\"contentUrl\":\"https:\/\/www.istanbultente.org\/wp-content\/uploads\/2025\/12\/Pergola-Golgelik-Sistem.jpg\",\"width\":1440,\"height\":1800,\"caption\":\"Pergola G\u00f6lgelik Sistem\"},{\"@type\":\"BreadcrumbList\",\"@id\":\"https:\/\/www.istanbultente.org\/urun\/pergola-golgelik-sistem\/#breadcrumb\",\"itemListElement\":[{\"@type\":\"ListItem\",\"position\":1,\"name\":\"Home\",\"item\":\"https:\/\/www.istanbultente.org\/\"},{\"@type\":\"ListItem\",\"position\":2,\"name\":\"Ma\u011faza\",\"item\":\"https:\/\/www.istanbultente.org\/magaza\/\"},{\"@type\":\"ListItem\",\"position\":3,\"name\":\"Pergola G\u00f6lgelik Sistem\"}]},{\"@type\":\"WebSite\",\"@id\":\"https:\/\/www.istanbultente.org\/#website\",\"url\":\"https:\/\/www.istanbultente.org\/\",\"name\":\"\u0130stanbul Tente Pergola\",\"description\":\"\",\"publisher\":{\"@id\":\"https:\/\/www.istanbultente.org\/#organization\"},\"potentialAction\":[{\"@type\":\"SearchAction\",\"target\":{\"@type\":\"EntryPoint\",\"urlTemplate\":\"https:\/\/www.istanbultente.org\/?s={search_term_string}\"},\"query-input\":{\"@type\":\"PropertyValueSpecification\",\"valueRequired\":true,\"valueName\":\"search_term_string\"}}],\"inLanguage\":\"tr\"},{\"@type\":\"Organization\",\"@id\":\"https:\/\/www.istanbultente.org\/#organization\",\"name\":\"\u0130stanbul Tente Pergola\",\"url\":\"https:\/\/www.istanbultente.org\/\",\"logo\":{\"@type\":\"ImageObject\",\"inLanguage\":\"tr\",\"@id\":\"https:\/\/www.istanbultente.org\/#\/schema\/logo\/image\/\",\"url\":\"https:\/\/www.istanbultente.org\/wp-content\/uploads\/2024\/05\/istanbul-tente-pergola-3.png\",\"contentUrl\":\"https:\/\/www.istanbultente.org\/wp-content\/uploads\/2024\/05\/istanbul-tente-pergola-3.png\",\"width\":876,\"height\":229,\"caption\":\"\u0130stanbul Tente Pergola\"},\"image\":{\"@id\":\"https:\/\/www.istanbultente.org\/#\/schema\/logo\/image\/\"}}]}<\/script>\n<!-- \/ Yoast SEO plugin. -->","yoast_head_json":{"title":"Pergola G\u00f6lgelik Sistem - \u0130stanbul Tente Pergola","robots":{"index":"index","follow":"follow","max-snippet":"max-snippet:-1","max-image-preview":"max-image-preview:large","max-video-preview":"max-video-preview:-1"},"canonical":"https:\/\/www.istanbultente.org\/tr_tr\/urun\/pergola-golgelik-sistem\/","og_locale":"tr_TR","og_type":"article","og_title":"Pergola G\u00f6lgelik Sistem - \u0130stanbul Tente Pergola","og_description":"Pergola G\u00f6lgelik Sistem G\u00f6lgelik sistemler a\u00e7\u0131k alanlar\u0131n korunmas\u0131 i\u00e7in \u00f6zel tasarlanm\u0131\u015f sistemlerdir. Pergola sistemi kolay kullan\u0131m \u00f6zelli\u011fi sunan, dayan\u0131kl\u0131, profesyonel ve ayn\u0131 zamanda ekonomik g\u00f6lgelik sistemidir. G\u00f6lgelik ve ya\u011fmurluk sistemlerinde dayan\u0131kl\u0131l\u0131k ve sa\u011flaml\u0131k \u00f6nemlidir. S\u0131radan g\u00f6lgelikler r\u00fczgar ve ya\u011fmur gibi etkenlere kar\u015f\u0131 dayan\u0131kl\u0131 de\u011fildir ve k\u0131sa s\u00fcrede devre d\u0131\u015f\u0131 kal\u0131r. Firmam\u0131z, bu kullan\u0131\u015fl\u0131 sistemi kolay...","og_url":"https:\/\/www.istanbultente.org\/tr_tr\/urun\/pergola-golgelik-sistem\/","og_site_name":"\u0130stanbul Tente Pergola","article_modified_time":"2025-12-29T20:13:18+00:00","og_image":[{"width":1440,"height":1800,"url":"https:\/\/www.istanbultente.org\/wp-content\/uploads\/2025\/12\/Pergola-Golgelik-Sistem.jpg","type":"image\/jpeg"}],"twitter_card":"summary_large_image","twitter_misc":{"Tahmini okuma s\u00fcresi":"2 dakika"},"schema":{"@context":"https:\/\/schema.org","@graph":[{"@type":"WebPage","@id":"https:\/\/www.istanbultente.org\/urun\/pergola-golgelik-sistem\/","url":"https:\/\/www.istanbultente.org\/urun\/pergola-golgelik-sistem\/","name":"Pergola G\u00f6lgelik Sistem - \u0130stanbul Tente Pergola","isPartOf":{"@id":"https:\/\/www.istanbultente.org\/#website"},"primaryImageOfPage":{"@id":"https:\/\/www.istanbultente.org\/urun\/pergola-golgelik-sistem\/#primaryimage"},"image":{"@id":"https:\/\/www.istanbultente.org\/urun\/pergola-golgelik-sistem\/#primaryimage"},"thumbnailUrl":"https:\/\/www.istanbultente.org\/wp-content\/uploads\/2025\/12\/Pergola-Golgelik-Sistem.jpg","datePublished":"2025-12-29T20:12:55+00:00","dateModified":"2025-12-29T20:13:18+00:00","breadcrumb":{"@id":"https:\/\/www.istanbultente.org\/urun\/pergola-golgelik-sistem\/#breadcrumb"},"inLanguage":"tr","potentialAction":[{"@type":"ReadAction","target":["https:\/\/www.istanbultente.org\/urun\/pergola-golgelik-sistem\/"]}]},{"@type":"ImageObject","inLanguage":"tr","@id":"https:\/\/www.istanbultente.org\/urun\/pergola-golgelik-sistem\/#primaryimage","url":"https:\/\/www.istanbultente.org\/wp-content\/uploads\/2025\/12\/Pergola-Golgelik-Sistem.jpg","contentUrl":"https:\/\/www.istanbultente.org\/wp-content\/uploads\/2025\/12\/Pergola-Golgelik-Sistem.jpg","width":1440,"height":1800,"caption":"Pergola G\u00f6lgelik Sistem"},{"@type":"BreadcrumbList","@id":"https:\/\/www.istanbultente.org\/urun\/pergola-golgelik-sistem\/#breadcrumb","itemListElement":[{"@type":"ListItem","position":1,"name":"Home","item":"https:\/\/www.istanbultente.org\/"},{"@type":"ListItem","position":2,"name":"Ma\u011faza","item":"https:\/\/www.istanbultente.org\/magaza\/"},{"@type":"ListItem","position":3,"name":"Pergola G\u00f6lgelik Sistem"}]},{"@type":"WebSite","@id":"https:\/\/www.istanbultente.org\/#website","url":"https:\/\/www.istanbultente.org\/","name":"\u0130stanbul Tente Pergola","description":"","publisher":{"@id":"https:\/\/www.istanbultente.org\/#organization"},"potentialAction":[{"@type":"SearchAction","target":{"@type":"EntryPoint","urlTemplate":"https:\/\/www.istanbultente.org\/?s={search_term_string}"},"query-input":{"@type":"PropertyValueSpecification","valueRequired":true,"valueName":"search_term_string"}}],"inLanguage":"tr"},{"@type":"Organization","@id":"https:\/\/www.istanbultente.org\/#organization","name":"\u0130stanbul Tente Pergola","url":"https:\/\/www.istanbultente.org\/","logo":{"@type":"ImageObject","inLanguage":"tr","@id":"https:\/\/www.istanbultente.org\/#\/schema\/logo\/image\/","url":"https:\/\/www.istanbultente.org\/wp-content\/uploads\/2024\/05\/istanbul-tente-pergola-3.png","contentUrl":"https:\/\/www.istanbultente.org\/wp-content\/uploads\/2024\/05\/istanbul-tente-pergola-3.png","width":876,"height":229,"caption":"\u0130stanbul Tente Pergola"},"image":{"@id":"https:\/\/www.istanbultente.org\/#\/schema\/logo\/image\/"}}]}},"taxonomy_info":{"product_cat":[{"value":18,"label":"Genel"}]},"featured_image_src_large":["https:\/\/www.istanbultente.org\/wp-content\/uploads\/2025\/12\/Pergola-Golgelik-Sistem-819x1024.jpg",819,1024,true],"author_info":[],"comment_info":0,"jetpack_sharing_enabled":true,"_links":{"self":[{"href":"https:\/\/www.istanbultente.org\/tr_tr\/wp-json\/wp\/v2\/product\/2858","targetHints":{"allow":["GET"]}}],"collection":[{"href":"https:\/\/www.istanbultente.org\/tr_tr\/wp-json\/wp\/v2\/product"}],"about":[{"href":"https:\/\/www.istanbultente.org\/tr_tr\/wp-json\/wp\/v2\/types\/product"}],"replies":[{"embeddable":true,"href":"https:\/\/www.istanbultente.org\/tr_tr\/wp-json\/wp\/v2\/comments?post=2858"}],"wp:featuredmedia":[{"embeddable":true,"href":"https:\/\/www.istanbultente.org\/tr_tr\/wp-json\/wp\/v2\/media\/2860"}],"wp:attachment":[{"href":"https:\/\/www.istanbultente.org\/tr_tr\/wp-json\/wp\/v2\/media?parent=2858"}],"wp:term":[{"taxonomy":"product_cat","embeddable":true,"href":"https:\/\/www.istanbultente.org\/tr_tr\/wp-json\/wp\/v2\/product_cat?post=2858"},{"taxonomy":"product_tag","embeddable":true,"href":"https:\/\/www.istanbultente.org\/tr_tr\/wp-json\/wp\/v2\/product_tag?post=2858"}],"curies":[{"name":"wp","href":"https:\/\/api.w.org\/{rel}","templated":true}]}}