{"id":2879,"date":"2026-01-17T15:53:44","date_gmt":"2026-01-17T15:53:44","guid":{"rendered":"https:\/\/www.istanbultente.org\/?post_type=product&#038;p=2879"},"modified":"2026-01-17T16:01:47","modified_gmt":"2026-01-17T16:01:47","slug":"5x3-pergola-tente","status":"publish","type":"product","link":"https:\/\/www.istanbultente.org\/tr_tr\/urun\/5x3-pergola-tente\/","title":{"rendered":"5&#215;3 Pergola Tente"},"content":{"rendered":"<h1 class=\"western\" style=\"text-align: left;\" align=\"center\">5&#215;3 Pergola Tente<\/h1>\n<p><span style=\"font-size: medium;\">Bah\u00e7e, balkon veya a\u00e7\u0131k olan alanlar\u0131n hava \u015fartlar\u0131ndan etkilenmesini engellemek i\u00e7in 5&#215;3 pergola tente \u00fcretimi yap\u0131yoruz. Bu tenteler sayesinde mekanlar hem ya\u011f\u0131\u015flardan etkilenmiyor hem de g\u00fcne\u015fe kar\u015f\u0131 g\u00f6lgelik i\u015flevi g\u00f6r\u00fcyor.<\/span><\/p>\n<h2 class=\"western\">5&#215;3 Pergola Tente \u00d6zellikleri<\/h2>\n<p><span style=\"font-size: medium;\">\u00dcretimini yapt\u0131\u011f\u0131m\u0131z 5&#215;3 pergola tenteler sahip oldu\u011fu \u00f6zellikler sayesinde di\u011ferlerinden ayr\u0131l\u0131yor. Tentelerimizin \u00f6zellikleri;<\/span><\/p>\n<ul>\n<li><span style=\"font-size: medium;\">Kaliteli malzemeler kullan\u0131larak \u00fcretiliyor.<\/span><\/li>\n<\/ul>\n<ul>\n<li><span style=\"font-size: medium;\">Tente \u00f6l\u00e7\u00fcleri 5 metre uzunluk ve 3 metre geni\u015flik \u015feklinde oluyor.<\/span><\/li>\n<li><span style=\"font-size: medium;\">Her mevsimde kullan\u0131labilen \u00fcr\u00fcnler oluyor.<\/span><\/li>\n<li><span style=\"font-size: medium;\">Kullan\u0131m alan\u0131na g\u00f6re yatay ve dikey \u015fekilde tasarlanabiliyor.<\/span><\/li>\n<li><span style=\"font-size: medium;\">Manuel ve otomatik \u00e7al\u0131\u015fan modelleri ekibimizce \u00fcretiliyor.<\/span><\/li>\n<li><span style=\"font-size: medium;\">Otomatik olan pergola tenteler uzaktan kumanda ile y\u00f6netilebiliyor.<\/span><\/li>\n<li><span style=\"font-size: medium;\">Mekana uygun renk ve modellerde \u00fcretilerek tasar\u0131ma katk\u0131 sa\u011fl\u0131yor.<\/span><\/li>\n<li><span style=\"font-size: medium;\">\u00dcretim malzemeleri su ge\u00e7irmez \u00f6zellikte oluyor.<\/span><\/li>\n<li><span style=\"font-size: medium;\">Kafe, \u00e7ay bah\u00e7esi, restoran ve a\u00e7\u0131k alanlar tentenin kullan\u0131labilece\u011fi alanlar\u0131 olu\u015fturuyor.<\/span><\/li>\n<li><span style=\"font-size: medium;\">Evlerde tenteler balkon, teras ve bah\u00e7e gibi alanlar i\u00e7in tercih edilebiliyor.<\/span><\/li>\n<\/ul>\n<p><a name=\"_GoBack\"><\/a><span style=\"font-size: medium;\">Bu \u00f6zellikleri i\u00e7eren pergola tentelerimizin fiyatlar\u0131 kullan\u0131lan \u00fcr\u00fcn kalitesi ve \u00f6zelli\u011fine g\u00f6re de\u011fi\u015fiyor. Ayr\u0131ca tentenin \u00f6l\u00e7\u00fcleri fiyat\u0131n olu\u015fumunda etkili oluyor.<\/span><\/p>\n","protected":false},"excerpt":{"rendered":"<p>5&#215;3 Pergola Tente Bah\u00e7e, balkon veya a\u00e7\u0131k olan alanlar\u0131n hava \u015fartlar\u0131ndan etkilenmesini engellemek i\u00e7in 5&#215;3 pergola tente \u00fcretimi yap\u0131yoruz. Bu tenteler sayesinde mekanlar hem ya\u011f\u0131\u015flardan etkilenmiyor hem de g\u00fcne\u015fe kar\u015f\u0131 g\u00f6lgelik i\u015flevi g\u00f6r\u00fcyor. 5&#215;3 Pergola Tente \u00d6zellikleri \u00dcretimini yapt\u0131\u011f\u0131m\u0131z 5&#215;3 pergola tenteler sahip oldu\u011fu \u00f6zellikler sayesinde di\u011ferlerinden ayr\u0131l\u0131yor. Tentelerimizin \u00f6zellikleri; Kaliteli malzemeler kullan\u0131larak \u00fcretiliyor. Tente&#8230;<\/p>\n","protected":false},"featured_media":2885,"comment_status":"open","ping_status":"closed","template":"","meta":{"_kad_blocks_custom_css":"","_kad_blocks_head_custom_js":"","_kad_blocks_body_custom_js":"","_kad_blocks_footer_custom_js":"","_kadence_starter_templates_imported_post":false,"_kad_post_transparent":"default","_kad_post_title":"","_kad_post_layout":"default","_kad_post_sidebar_id":"","_kad_post_content_style":"default","_kad_post_vertical_padding":"default","_kad_post_feature":"","_kad_post_feature_position":"","_kad_post_header":false,"_kad_post_footer":false},"product_cat":[18],"product_tag":[44,45],"class_list":{"0":"post-2879","1":"product","2":"type-product","3":"status-publish","4":"has-post-thumbnail","6":"product_cat-genel","7":"product_tag-5x3-pergola-tente","8":"product_tag-pergola-tente","10":"first","11":"instock","12":"sale","13":"taxable","14":"shipping-taxable","15":"purchasable","16":"product-type-simple","17":"entry","18":"content-bg","19":"loop-entry"},"yoast_head":"<!-- This site is optimized with the Yoast SEO plugin v25.0 - https:\/\/yoast.com\/wordpress\/plugins\/seo\/ -->\n<title>5x3 Pergola Tente<\/title>\n<meta name=\"description\" content=\"Bah\u00e7e, balkon veya a\u00e7\u0131k olan alanlar\u0131n hava \u015fartlar\u0131ndan etkilenmesini engellemek i\u00e7in 5x3 pergola tente \u00fcretimi yap\u0131yoruz. Bu tenteler sayesinde mekanlar hem ya\u011f\u0131\u015flardan etkilenmiyor hem de g\u00fcne\u015fe kar\u015f\u0131 g\u00f6lgelik i\u015flevi g\u00f6r\u00fcyor.\" \/>\n<meta name=\"robots\" content=\"index, follow, max-snippet:-1, max-image-preview:large, max-video-preview:-1\" \/>\n<link rel=\"canonical\" href=\"https:\/\/www.istanbultente.org\/tr_tr\/urun\/5x3-pergola-tente\/\" \/>\n<meta property=\"og:locale\" content=\"tr_TR\" \/>\n<meta property=\"og:type\" content=\"article\" \/>\n<meta property=\"og:title\" content=\"5x3 Pergola Tente\" \/>\n<meta property=\"og:description\" content=\"Bah\u00e7e, balkon veya a\u00e7\u0131k olan alanlar\u0131n hava \u015fartlar\u0131ndan etkilenmesini engellemek i\u00e7in 5x3 pergola tente \u00fcretimi yap\u0131yoruz. Bu tenteler sayesinde mekanlar hem ya\u011f\u0131\u015flardan etkilenmiyor hem de g\u00fcne\u015fe kar\u015f\u0131 g\u00f6lgelik i\u015flevi g\u00f6r\u00fcyor.\" \/>\n<meta property=\"og:url\" content=\"https:\/\/www.istanbultente.org\/tr_tr\/urun\/5x3-pergola-tente\/\" \/>\n<meta property=\"og:site_name\" content=\"\u0130stanbul Tente Pergola\" \/>\n<meta property=\"article:modified_time\" content=\"2026-01-17T16:01:47+00:00\" \/>\n<meta property=\"og:image\" content=\"https:\/\/www.istanbultente.org\/wp-content\/uploads\/2026\/01\/5x3_Pergola-Tente.jpg\" \/>\n\t<meta property=\"og:image:width\" content=\"1440\" \/>\n\t<meta property=\"og:image:height\" content=\"1085\" \/>\n\t<meta property=\"og:image:type\" content=\"image\/jpeg\" \/>\n<meta name=\"twitter:card\" content=\"summary_large_image\" \/>\n<meta name=\"twitter:label1\" content=\"Tahmini okuma s\u00fcresi\" \/>\n\t<meta name=\"twitter:data1\" content=\"2 dakika\" \/>\n<script type=\"application\/ld+json\" class=\"yoast-schema-graph\">{\"@context\":\"https:\/\/schema.org\",\"@graph\":[{\"@type\":\"WebPage\",\"@id\":\"https:\/\/www.istanbultente.org\/urun\/5x3-pergola-tente\/\",\"url\":\"https:\/\/www.istanbultente.org\/urun\/5x3-pergola-tente\/\",\"name\":\"5x3 Pergola Tente\",\"isPartOf\":{\"@id\":\"https:\/\/www.istanbultente.org\/#website\"},\"primaryImageOfPage\":{\"@id\":\"https:\/\/www.istanbultente.org\/urun\/5x3-pergola-tente\/#primaryimage\"},\"image\":{\"@id\":\"https:\/\/www.istanbultente.org\/urun\/5x3-pergola-tente\/#primaryimage\"},\"thumbnailUrl\":\"https:\/\/www.istanbultente.org\/wp-content\/uploads\/2026\/01\/5x3_Pergola-Tente.jpg\",\"datePublished\":\"2026-01-17T15:53:44+00:00\",\"dateModified\":\"2026-01-17T16:01:47+00:00\",\"description\":\"Bah\u00e7e, balkon veya a\u00e7\u0131k olan alanlar\u0131n hava \u015fartlar\u0131ndan etkilenmesini engellemek i\u00e7in 5x3 pergola tente \u00fcretimi yap\u0131yoruz. Bu tenteler sayesinde mekanlar hem ya\u011f\u0131\u015flardan etkilenmiyor hem de g\u00fcne\u015fe kar\u015f\u0131 g\u00f6lgelik i\u015flevi g\u00f6r\u00fcyor.\",\"breadcrumb\":{\"@id\":\"https:\/\/www.istanbultente.org\/urun\/5x3-pergola-tente\/#breadcrumb\"},\"inLanguage\":\"tr\",\"potentialAction\":[{\"@type\":\"ReadAction\",\"target\":[\"https:\/\/www.istanbultente.org\/urun\/5x3-pergola-tente\/\"]}]},{\"@type\":\"ImageObject\",\"inLanguage\":\"tr\",\"@id\":\"https:\/\/www.istanbultente.org\/urun\/5x3-pergola-tente\/#primaryimage\",\"url\":\"https:\/\/www.istanbultente.org\/wp-content\/uploads\/2026\/01\/5x3_Pergola-Tente.jpg\",\"contentUrl\":\"https:\/\/www.istanbultente.org\/wp-content\/uploads\/2026\/01\/5x3_Pergola-Tente.jpg\",\"width\":1440,\"height\":1085,\"caption\":\"5x3_Pergola Tente\"},{\"@type\":\"BreadcrumbList\",\"@id\":\"https:\/\/www.istanbultente.org\/urun\/5x3-pergola-tente\/#breadcrumb\",\"itemListElement\":[{\"@type\":\"ListItem\",\"position\":1,\"name\":\"Home\",\"item\":\"https:\/\/www.istanbultente.org\/\"},{\"@type\":\"ListItem\",\"position\":2,\"name\":\"Ma\u011faza\",\"item\":\"https:\/\/www.istanbultente.org\/magaza\/\"},{\"@type\":\"ListItem\",\"position\":3,\"name\":\"5&#215;3 Pergola Tente\"}]},{\"@type\":\"WebSite\",\"@id\":\"https:\/\/www.istanbultente.org\/#website\",\"url\":\"https:\/\/www.istanbultente.org\/\",\"name\":\"\u0130stanbul Tente Pergola\",\"description\":\"\",\"publisher\":{\"@id\":\"https:\/\/www.istanbultente.org\/#organization\"},\"potentialAction\":[{\"@type\":\"SearchAction\",\"target\":{\"@type\":\"EntryPoint\",\"urlTemplate\":\"https:\/\/www.istanbultente.org\/?s={search_term_string}\"},\"query-input\":{\"@type\":\"PropertyValueSpecification\",\"valueRequired\":true,\"valueName\":\"search_term_string\"}}],\"inLanguage\":\"tr\"},{\"@type\":\"Organization\",\"@id\":\"https:\/\/www.istanbultente.org\/#organization\",\"name\":\"\u0130stanbul Tente Pergola\",\"url\":\"https:\/\/www.istanbultente.org\/\",\"logo\":{\"@type\":\"ImageObject\",\"inLanguage\":\"tr\",\"@id\":\"https:\/\/www.istanbultente.org\/#\/schema\/logo\/image\/\",\"url\":\"https:\/\/www.istanbultente.org\/wp-content\/uploads\/2024\/05\/istanbul-tente-pergola-3.png\",\"contentUrl\":\"https:\/\/www.istanbultente.org\/wp-content\/uploads\/2024\/05\/istanbul-tente-pergola-3.png\",\"width\":876,\"height\":229,\"caption\":\"\u0130stanbul Tente Pergola\"},\"image\":{\"@id\":\"https:\/\/www.istanbultente.org\/#\/schema\/logo\/image\/\"}}]}<\/script>\n<!-- \/ Yoast SEO plugin. -->","yoast_head_json":{"title":"5x3 Pergola Tente","description":"Bah\u00e7e, balkon veya a\u00e7\u0131k olan alanlar\u0131n hava \u015fartlar\u0131ndan etkilenmesini engellemek i\u00e7in 5x3 pergola tente \u00fcretimi yap\u0131yoruz. Bu tenteler sayesinde mekanlar hem ya\u011f\u0131\u015flardan etkilenmiyor hem de g\u00fcne\u015fe kar\u015f\u0131 g\u00f6lgelik i\u015flevi g\u00f6r\u00fcyor.","robots":{"index":"index","follow":"follow","max-snippet":"max-snippet:-1","max-image-preview":"max-image-preview:large","max-video-preview":"max-video-preview:-1"},"canonical":"https:\/\/www.istanbultente.org\/tr_tr\/urun\/5x3-pergola-tente\/","og_locale":"tr_TR","og_type":"article","og_title":"5x3 Pergola Tente","og_description":"Bah\u00e7e, balkon veya a\u00e7\u0131k olan alanlar\u0131n hava \u015fartlar\u0131ndan etkilenmesini engellemek i\u00e7in 5x3 pergola tente \u00fcretimi yap\u0131yoruz. Bu tenteler sayesinde mekanlar hem ya\u011f\u0131\u015flardan etkilenmiyor hem de g\u00fcne\u015fe kar\u015f\u0131 g\u00f6lgelik i\u015flevi g\u00f6r\u00fcyor.","og_url":"https:\/\/www.istanbultente.org\/tr_tr\/urun\/5x3-pergola-tente\/","og_site_name":"\u0130stanbul Tente Pergola","article_modified_time":"2026-01-17T16:01:47+00:00","og_image":[{"width":1440,"height":1085,"url":"https:\/\/www.istanbultente.org\/wp-content\/uploads\/2026\/01\/5x3_Pergola-Tente.jpg","type":"image\/jpeg"}],"twitter_card":"summary_large_image","twitter_misc":{"Tahmini okuma s\u00fcresi":"2 dakika"},"schema":{"@context":"https:\/\/schema.org","@graph":[{"@type":"WebPage","@id":"https:\/\/www.istanbultente.org\/urun\/5x3-pergola-tente\/","url":"https:\/\/www.istanbultente.org\/urun\/5x3-pergola-tente\/","name":"5x3 Pergola Tente","isPartOf":{"@id":"https:\/\/www.istanbultente.org\/#website"},"primaryImageOfPage":{"@id":"https:\/\/www.istanbultente.org\/urun\/5x3-pergola-tente\/#primaryimage"},"image":{"@id":"https:\/\/www.istanbultente.org\/urun\/5x3-pergola-tente\/#primaryimage"},"thumbnailUrl":"https:\/\/www.istanbultente.org\/wp-content\/uploads\/2026\/01\/5x3_Pergola-Tente.jpg","datePublished":"2026-01-17T15:53:44+00:00","dateModified":"2026-01-17T16:01:47+00:00","description":"Bah\u00e7e, balkon veya a\u00e7\u0131k olan alanlar\u0131n hava \u015fartlar\u0131ndan etkilenmesini engellemek i\u00e7in 5x3 pergola tente \u00fcretimi yap\u0131yoruz. Bu tenteler sayesinde mekanlar hem ya\u011f\u0131\u015flardan etkilenmiyor hem de g\u00fcne\u015fe kar\u015f\u0131 g\u00f6lgelik i\u015flevi g\u00f6r\u00fcyor.","breadcrumb":{"@id":"https:\/\/www.istanbultente.org\/urun\/5x3-pergola-tente\/#breadcrumb"},"inLanguage":"tr","potentialAction":[{"@type":"ReadAction","target":["https:\/\/www.istanbultente.org\/urun\/5x3-pergola-tente\/"]}]},{"@type":"ImageObject","inLanguage":"tr","@id":"https:\/\/www.istanbultente.org\/urun\/5x3-pergola-tente\/#primaryimage","url":"https:\/\/www.istanbultente.org\/wp-content\/uploads\/2026\/01\/5x3_Pergola-Tente.jpg","contentUrl":"https:\/\/www.istanbultente.org\/wp-content\/uploads\/2026\/01\/5x3_Pergola-Tente.jpg","width":1440,"height":1085,"caption":"5x3_Pergola Tente"},{"@type":"BreadcrumbList","@id":"https:\/\/www.istanbultente.org\/urun\/5x3-pergola-tente\/#breadcrumb","itemListElement":[{"@type":"ListItem","position":1,"name":"Home","item":"https:\/\/www.istanbultente.org\/"},{"@type":"ListItem","position":2,"name":"Ma\u011faza","item":"https:\/\/www.istanbultente.org\/magaza\/"},{"@type":"ListItem","position":3,"name":"5&#215;3 Pergola Tente"}]},{"@type":"WebSite","@id":"https:\/\/www.istanbultente.org\/#website","url":"https:\/\/www.istanbultente.org\/","name":"\u0130stanbul Tente Pergola","description":"","publisher":{"@id":"https:\/\/www.istanbultente.org\/#organization"},"potentialAction":[{"@type":"SearchAction","target":{"@type":"EntryPoint","urlTemplate":"https:\/\/www.istanbultente.org\/?s={search_term_string}"},"query-input":{"@type":"PropertyValueSpecification","valueRequired":true,"valueName":"search_term_string"}}],"inLanguage":"tr"},{"@type":"Organization","@id":"https:\/\/www.istanbultente.org\/#organization","name":"\u0130stanbul Tente Pergola","url":"https:\/\/www.istanbultente.org\/","logo":{"@type":"ImageObject","inLanguage":"tr","@id":"https:\/\/www.istanbultente.org\/#\/schema\/logo\/image\/","url":"https:\/\/www.istanbultente.org\/wp-content\/uploads\/2024\/05\/istanbul-tente-pergola-3.png","contentUrl":"https:\/\/www.istanbultente.org\/wp-content\/uploads\/2024\/05\/istanbul-tente-pergola-3.png","width":876,"height":229,"caption":"\u0130stanbul Tente Pergola"},"image":{"@id":"https:\/\/www.istanbultente.org\/#\/schema\/logo\/image\/"}}]}},"taxonomy_info":{"product_cat":[{"value":18,"label":"Genel"}],"product_tag":[{"value":44,"label":"5x3 Pergola Tente"},{"value":45,"label":"Pergola Tente"}]},"featured_image_src_large":["https:\/\/www.istanbultente.org\/wp-content\/uploads\/2026\/01\/5x3_Pergola-Tente-1024x772.jpg",1024,772,true],"author_info":[],"comment_info":0,"jetpack_sharing_enabled":true,"_links":{"self":[{"href":"https:\/\/www.istanbultente.org\/tr_tr\/wp-json\/wp\/v2\/product\/2879","targetHints":{"allow":["GET"]}}],"collection":[{"href":"https:\/\/www.istanbultente.org\/tr_tr\/wp-json\/wp\/v2\/product"}],"about":[{"href":"https:\/\/www.istanbultente.org\/tr_tr\/wp-json\/wp\/v2\/types\/product"}],"replies":[{"embeddable":true,"href":"https:\/\/www.istanbultente.org\/tr_tr\/wp-json\/wp\/v2\/comments?post=2879"}],"wp:featuredmedia":[{"embeddable":true,"href":"https:\/\/www.istanbultente.org\/tr_tr\/wp-json\/wp\/v2\/media\/2885"}],"wp:attachment":[{"href":"https:\/\/www.istanbultente.org\/tr_tr\/wp-json\/wp\/v2\/media?parent=2879"}],"wp:term":[{"taxonomy":"product_cat","embeddable":true,"href":"https:\/\/www.istanbultente.org\/tr_tr\/wp-json\/wp\/v2\/product_cat?post=2879"},{"taxonomy":"product_tag","embeddable":true,"href":"https:\/\/www.istanbultente.org\/tr_tr\/wp-json\/wp\/v2\/product_tag?post=2879"}],"curies":[{"name":"wp","href":"https:\/\/api.w.org\/{rel}","templated":true}]}}